{"id":12,"date":"2022-02-06T18:15:12","date_gmt":"2022-02-06T17:15:12","guid":{"rendered":"https:\/\/newrmtz.cluster031.hosting.ovh.net\/?page_id=6"},"modified":"2026-03-17T19:31:23","modified_gmt":"2026-03-17T18:31:23","slug":"accueil","status":"publish","type":"page","link":"https:\/\/www.covaprom.fr\/","title":{"rendered":"Accueil"},"content":{"rendered":"\t\t<div data-elementor-type=\"wp-page\" data-elementor-id=\"12\" class=\"elementor elementor-12\">\n\t\t\t\t\t\t<section class=\"elementor-section elementor-top-section elementor-element elementor-element-918f786 elementor-section-boxed elementor-section-height-default elementor-section-height-default\" data-id=\"918f786\" data-element_type=\"section\" data-e-type=\"section\">\n\t\t\t\t\t\t<div class=\"elementor-container elementor-column-gap-default\">\n\t\t\t\t\t<div class=\"elementor-column elementor-col-100 elementor-top-column elementor-element elementor-element-85ac027\" data-id=\"85ac027\" data-element_type=\"column\" data-e-type=\"column\">\n\t\t\t<div class=\"elementor-widget-wrap elementor-element-populated\">\n\t\t\t\t\t\t<div class=\"elementor-element elementor-element-7232d8e hfe-nav-menu__align-left hfe-submenu-icon-arrow hfe-submenu-animation-none hfe-link-redirect-child hfe-nav-menu__breakpoint-tablet elementor-widget elementor-widget-navigation-menu\" data-id=\"7232d8e\" data-element_type=\"widget\" data-e-type=\"widget\" data-settings=\"{&quot;padding_horizontal_menu_item&quot;:{&quot;unit&quot;:&quot;px&quot;,&quot;size&quot;:15,&quot;sizes&quot;:[]},&quot;padding_horizontal_menu_item_tablet&quot;:{&quot;unit&quot;:&quot;px&quot;,&quot;size&quot;:&quot;&quot;,&quot;sizes&quot;:[]},&quot;padding_horizontal_menu_item_mobile&quot;:{&quot;unit&quot;:&quot;px&quot;,&quot;size&quot;:&quot;&quot;,&quot;sizes&quot;:[]},&quot;padding_vertical_menu_item&quot;:{&quot;unit&quot;:&quot;px&quot;,&quot;size&quot;:15,&quot;sizes&quot;:[]},&quot;padding_vertical_menu_item_tablet&quot;:{&quot;unit&quot;:&quot;px&quot;,&quot;size&quot;:&quot;&quot;,&quot;sizes&quot;:[]},&quot;padding_vertical_menu_item_mobile&quot;:{&quot;unit&quot;:&quot;px&quot;,&quot;size&quot;:&quot;&quot;,&quot;sizes&quot;:[]},&quot;menu_space_between&quot;:{&quot;unit&quot;:&quot;px&quot;,&quot;size&quot;:&quot;&quot;,&quot;sizes&quot;:[]},&quot;menu_space_between_tablet&quot;:{&quot;unit&quot;:&quot;px&quot;,&quot;size&quot;:&quot;&quot;,&quot;sizes&quot;:[]},&quot;menu_space_between_mobile&quot;:{&quot;unit&quot;:&quot;px&quot;,&quot;size&quot;:&quot;&quot;,&quot;sizes&quot;:[]},&quot;menu_row_space&quot;:{&quot;unit&quot;:&quot;px&quot;,&quot;size&quot;:&quot;&quot;,&quot;sizes&quot;:[]},&quot;menu_row_space_tablet&quot;:{&quot;unit&quot;:&quot;px&quot;,&quot;size&quot;:&quot;&quot;,&quot;sizes&quot;:[]},&quot;menu_row_space_mobile&quot;:{&quot;unit&quot;:&quot;px&quot;,&quot;size&quot;:&quot;&quot;,&quot;sizes&quot;:[]},&quot;dropdown_border_radius&quot;:{&quot;unit&quot;:&quot;px&quot;,&quot;top&quot;:&quot;&quot;,&quot;right&quot;:&quot;&quot;,&quot;bottom&quot;:&quot;&quot;,&quot;left&quot;:&quot;&quot;,&quot;isLinked&quot;:true},&quot;dropdown_border_radius_tablet&quot;:{&quot;unit&quot;:&quot;px&quot;,&quot;top&quot;:&quot;&quot;,&quot;right&quot;:&quot;&quot;,&quot;bottom&quot;:&quot;&quot;,&quot;left&quot;:&quot;&quot;,&quot;isLinked&quot;:true},&quot;dropdown_border_radius_mobile&quot;:{&quot;unit&quot;:&quot;px&quot;,&quot;top&quot;:&quot;&quot;,&quot;right&quot;:&quot;&quot;,&quot;bottom&quot;:&quot;&quot;,&quot;left&quot;:&quot;&quot;,&quot;isLinked&quot;:true},&quot;width_dropdown_item&quot;:{&quot;unit&quot;:&quot;px&quot;,&quot;size&quot;:&quot;220&quot;,&quot;sizes&quot;:[]},&quot;width_dropdown_item_tablet&quot;:{&quot;unit&quot;:&quot;px&quot;,&quot;size&quot;:&quot;&quot;,&quot;sizes&quot;:[]},&quot;width_dropdown_item_mobile&quot;:{&quot;unit&quot;:&quot;px&quot;,&quot;size&quot;:&quot;&quot;,&quot;sizes&quot;:[]},&quot;padding_horizontal_dropdown_item&quot;:{&quot;unit&quot;:&quot;px&quot;,&quot;size&quot;:&quot;&quot;,&quot;sizes&quot;:[]},&quot;padding_horizontal_dropdown_item_tablet&quot;:{&quot;unit&quot;:&quot;px&quot;,&quot;size&quot;:&quot;&quot;,&quot;sizes&quot;:[]},&quot;padding_horizontal_dropdown_item_mobile&quot;:{&quot;unit&quot;:&quot;px&quot;,&quot;size&quot;:&quot;&quot;,&quot;sizes&quot;:[]},&quot;padding_vertical_dropdown_item&quot;:{&quot;unit&quot;:&quot;px&quot;,&quot;size&quot;:15,&quot;sizes&quot;:[]},&quot;padding_vertical_dropdown_item_tablet&quot;:{&quot;unit&quot;:&quot;px&quot;,&quot;size&quot;:&quot;&quot;,&quot;sizes&quot;:[]},&quot;padding_vertical_dropdown_item_mobile&quot;:{&quot;unit&quot;:&quot;px&quot;,&quot;size&quot;:&quot;&quot;,&quot;sizes&quot;:[]},&quot;distance_from_menu&quot;:{&quot;unit&quot;:&quot;px&quot;,&quot;size&quot;:&quot;&quot;,&quot;sizes&quot;:[]},&quot;distance_from_menu_tablet&quot;:{&quot;unit&quot;:&quot;px&quot;,&quot;size&quot;:&quot;&quot;,&quot;sizes&quot;:[]},&quot;distance_from_menu_mobile&quot;:{&quot;unit&quot;:&quot;px&quot;,&quot;size&quot;:&quot;&quot;,&quot;sizes&quot;:[]},&quot;toggle_size&quot;:{&quot;unit&quot;:&quot;px&quot;,&quot;size&quot;:&quot;&quot;,&quot;sizes&quot;:[]},&quot;toggle_size_tablet&quot;:{&quot;unit&quot;:&quot;px&quot;,&quot;size&quot;:&quot;&quot;,&quot;sizes&quot;:[]},&quot;toggle_size_mobile&quot;:{&quot;unit&quot;:&quot;px&quot;,&quot;size&quot;:&quot;&quot;,&quot;sizes&quot;:[]},&quot;toggle_border_width&quot;:{&quot;unit&quot;:&quot;px&quot;,&quot;size&quot;:&quot;&quot;,&quot;sizes&quot;:[]},&quot;toggle_border_width_tablet&quot;:{&quot;unit&quot;:&quot;px&quot;,&quot;size&quot;:&quot;&quot;,&quot;sizes&quot;:[]},&quot;toggle_border_width_mobile&quot;:{&quot;unit&quot;:&quot;px&quot;,&quot;size&quot;:&quot;&quot;,&quot;sizes&quot;:[]},&quot;toggle_border_radius&quot;:{&quot;unit&quot;:&quot;px&quot;,&quot;size&quot;:&quot;&quot;,&quot;sizes&quot;:[]},&quot;toggle_border_radius_tablet&quot;:{&quot;unit&quot;:&quot;px&quot;,&quot;size&quot;:&quot;&quot;,&quot;sizes&quot;:[]},&quot;toggle_border_radius_mobile&quot;:{&quot;unit&quot;:&quot;px&quot;,&quot;size&quot;:&quot;&quot;,&quot;sizes&quot;:[]}}\" data-widget_type=\"navigation-menu.default\">\n\t\t\t\t<div class=\"elementor-widget-container\">\n\t\t\t\t\t\t\t\t<div class=\"hfe-nav-menu hfe-layout-horizontal hfe-nav-menu-layout horizontal hfe-pointer__none\" data-layout=\"horizontal\">\n\t\t\t\t<div class=\"hfe-nav-menu__toggle elementor-clickable\">\n\t\t\t\t\t<div class=\"hfe-nav-menu-icon\">\n\t\t\t\t\t\t<i aria-hidden=\"true\" tabindex=\"0\" class=\"fas fa-align-justify\"><\/i>\t\t\t\t\t<\/div>\n\t\t\t\t<\/div>\n\t\t\t\t<nav class=\"hfe-nav-menu__layout-horizontal hfe-nav-menu__submenu-arrow\" data-toggle-icon=\"&lt;i aria-hidden=&quot;true&quot; tabindex=&quot;0&quot; class=&quot;fas fa-align-justify&quot;&gt;&lt;\/i&gt;\" data-close-icon=\"&lt;i aria-hidden=&quot;true&quot; tabindex=&quot;0&quot; class=&quot;far fa-window-close&quot;&gt;&lt;\/i&gt;\" data-full-width=\"yes\"><div id=\"menu-1-7232d8e\" class=\"hfe-nav-menu\"><li id=\"menu-item-12\" class=\"parent hfe-creative-menu\"><a class = \"hfe-menu-item\"><\/a><\/li>\n<li id=\"menu-item-13\" class=\"parent hfe-creative-menu\"><a class = \"hfe-menu-item\"><\/a><\/li>\n<li id=\"menu-item-16\" class=\"parent hfe-creative-menu\"><a class = \"hfe-menu-item\"><\/a><\/li>\n<li id=\"menu-item-1262\" class=\"parent hfe-creative-menu\"><a class = \"hfe-menu-item\"><\/a><\/li>\n<li id=\"menu-item-23\" class=\"parent hfe-creative-menu\"><a class = \"hfe-menu-item\"><\/a><\/li>\n<li id=\"menu-item-190\" class=\"parent hfe-creative-menu\"><a class = \"hfe-menu-item\"><\/a><\/li>\n<li id=\"menu-item-15\" class=\"parent hfe-creative-menu\"><a class = \"hfe-menu-item\"><\/a><\/li>\n<li id=\"menu-item-14\" class=\"parent hfe-creative-menu\"><a class = \"hfe-menu-item\"><\/a><\/li>\n<li id=\"menu-item-185\" class=\"parent hfe-creative-menu\"><a class = \"hfe-menu-item\"><\/a><\/li>\n<li id=\"menu-item-92\" class=\"parent hfe-creative-menu\"><a class = \"hfe-menu-item\"><\/a><\/li>\n<\/div>\n<\/nav>              \n\t\t\t<\/div>\n\t\t\t\t\t\t\t<\/div>\n\t\t\t\t<\/div>\n\t\t\t\t\t<\/div>\n\t\t<\/div>\n\t\t\t\t\t<\/div>\n\t\t<\/section>\n\t\t\t\t<section class=\"elementor-section elementor-top-section elementor-element elementor-element-5ba6477 elementor-section-boxed elementor-section-height-default elementor-section-height-default\" data-id=\"5ba6477\" data-element_type=\"section\" data-e-type=\"section\">\n\t\t\t\t\t\t<div class=\"elementor-container elementor-column-gap-default\">\n\t\t\t\t\t<div class=\"elementor-column elementor-col-100 elementor-top-column elementor-element elementor-element-0139d43\" data-id=\"0139d43\" data-element_type=\"column\" data-e-type=\"column\">\n\t\t\t<div class=\"elementor-widget-wrap elementor-element-populated\">\n\t\t\t\t\t\t<div class=\"elementor-element elementor-element-64b17ab elementor-widget elementor-widget-heading\" data-id=\"64b17ab\" data-element_type=\"widget\" data-e-type=\"widget\" data-widget_type=\"heading.default\">\n\t\t\t\t<div class=\"elementor-widget-container\">\n\t\t\t\t\t<h2 class=\"elementor-heading-title elementor-size-default\"><i>L' ART DE BATIR UN CADRE DE VIE DURABLE AVEC EXIGENCE<\/i><\/h2>\t\t\t\t<\/div>\n\t\t\t\t<\/div>\n\t\t\t\t\t<\/div>\n\t\t<\/div>\n\t\t\t\t\t<\/div>\n\t\t<\/section>\n\t\t\t\t<section class=\"elementor-section elementor-top-section elementor-element elementor-element-84d15df elementor-section-boxed elementor-section-height-default elementor-section-height-default\" data-id=\"84d15df\" data-element_type=\"section\" data-e-type=\"section\">\n\t\t\t\t\t\t<div class=\"elementor-container elementor-column-gap-default\">\n\t\t\t\t\t<div class=\"elementor-column elementor-col-100 elementor-top-column elementor-element elementor-element-d7dcebd\" data-id=\"d7dcebd\" data-element_type=\"column\" data-e-type=\"column\">\n\t\t\t<div class=\"elementor-widget-wrap elementor-element-populated\">\n\t\t\t\t\t\t<div class=\"elementor-element elementor-element-2286de9 elementor-widget elementor-widget-image\" data-id=\"2286de9\" data-element_type=\"widget\" data-e-type=\"widget\" data-widget_type=\"image.default\">\n\t\t\t\t<div class=\"elementor-widget-container\">\n\t\t\t\t\t\t\t\t\t\t\t\t\t\t\t<img fetchpriority=\"high\" decoding=\"async\" width=\"1024\" height=\"576\" src=\"https:\/\/www.covaprom.fr\/wp-content\/uploads\/2025\/10\/Axoma-Perspective-terrasse-A41-1024x576.jpg\" class=\"attachment-large size-large wp-image-1185\" alt=\"\" srcset=\"https:\/\/www.covaprom.fr\/wp-content\/uploads\/2025\/10\/Axoma-Perspective-terrasse-A41-1024x576.jpg 1024w, https:\/\/www.covaprom.fr\/wp-content\/uploads\/2025\/10\/Axoma-Perspective-terrasse-A41-300x169.jpg 300w, https:\/\/www.covaprom.fr\/wp-content\/uploads\/2025\/10\/Axoma-Perspective-terrasse-A41-768x432.jpg 768w, https:\/\/www.covaprom.fr\/wp-content\/uploads\/2025\/10\/Axoma-Perspective-terrasse-A41-1536x864.jpg 1536w, https:\/\/www.covaprom.fr\/wp-content\/uploads\/2025\/10\/Axoma-Perspective-terrasse-A41-2048x1152.jpg 2048w, https:\/\/www.covaprom.fr\/wp-content\/uploads\/2025\/10\/Axoma-Perspective-terrasse-A41-800x450.jpg 800w\" sizes=\"(max-width: 1024px) 100vw, 1024px\" \/>\t\t\t\t\t\t\t\t\t\t\t\t\t\t\t<\/div>\n\t\t\t\t<\/div>\n\t\t\t\t\t<\/div>\n\t\t<\/div>\n\t\t\t\t\t<\/div>\n\t\t<\/section>\n\t\t\t\t<section class=\"elementor-section elementor-top-section elementor-element elementor-element-4d8911c elementor-section-boxed elementor-section-height-default elementor-section-height-default\" data-id=\"4d8911c\" data-element_type=\"section\" data-e-type=\"section\">\n\t\t\t\t\t\t<div class=\"elementor-container elementor-column-gap-default\">\n\t\t\t\t\t<div class=\"elementor-column elementor-col-100 elementor-top-column elementor-element elementor-element-1188cfa\" data-id=\"1188cfa\" data-element_type=\"column\" data-e-type=\"column\">\n\t\t\t<div class=\"elementor-widget-wrap\">\n\t\t\t\t\t\t\t<\/div>\n\t\t<\/div>\n\t\t\t\t\t<\/div>\n\t\t<\/section>\n\t\t\t\t<\/div>\n\t\t","protected":false},"excerpt":{"rendered":"<p>L&rsquo; ART DE BATIR UN CADRE DE VIE DURABLE AVEC EXIGENCE<\/p>\n","protected":false},"author":2,"featured_media":0,"parent":0,"menu_order":0,"comment_status":"closed","ping_status":"closed","template":"elementor_header_footer","meta":{"footnotes":""},"class_list":["post-12","page","type-page","status-publish","hentry","entry"],"aioseo_notices":[],"yoast_head":"<!-- This site is optimized with the Yoast SEO plugin v27.5 - https:\/\/yoast.com\/product\/yoast-seo-wordpress\/ -->\n<title>Promoteur constructeur r\u00e9sidentiel en Ile de France<\/title>\n<meta name=\"description\" content=\"Promoteur constructeur de logements neufs ou r\u00e9nov\u00e9s en Ile de France. Achat de terrains \u00e0 construire. Immobilier r\u00e9sidentiel neuf.\" \/>\n<meta name=\"robots\" content=\"index, follow, max-snippet:-1, max-image-preview:large, max-video-preview:-1\" \/>\n<link rel=\"canonical\" href=\"https:\/\/www.covaprom.fr\/\" \/>\n<meta property=\"og:locale\" content=\"fr_FR\" \/>\n<meta property=\"og:type\" content=\"article\" \/>\n<meta property=\"og:title\" content=\"Promoteur constructeur r\u00e9sidentiel en Ile de France\" \/>\n<meta property=\"og:description\" content=\"Promoteur constructeur de logements neufs ou r\u00e9nov\u00e9s en Ile de France. Achat de terrains \u00e0 construire. Immobilier r\u00e9sidentiel neuf.\" \/>\n<meta property=\"og:url\" content=\"https:\/\/www.covaprom.fr\/\" \/>\n<meta property=\"og:site_name\" content=\"COVAPROM\" \/>\n<meta property=\"article:modified_time\" content=\"2026-03-17T18:31:23+00:00\" \/>\n<meta property=\"og:image\" content=\"https:\/\/www.covaprom.fr\/wp-content\/uploads\/2025\/10\/Axoma-Perspective-terrasse-A41-scaled.jpg\" \/>\n\t<meta property=\"og:image:width\" content=\"2560\" \/>\n\t<meta property=\"og:image:height\" content=\"1440\" \/>\n\t<meta property=\"og:image:type\" content=\"image\/jpeg\" \/>\n<meta name=\"twitter:card\" content=\"summary_large_image\" \/>\n<meta name=\"twitter:label1\" content=\"Dur\u00e9e de lecture estim\u00e9e\" \/>\n\t<meta name=\"twitter:data1\" content=\"1 minute\" \/>\n<script type=\"application\/ld+json\" class=\"yoast-schema-graph\">{\"@context\":\"https:\\\/\\\/schema.org\",\"@graph\":[{\"@type\":\"WebPage\",\"@id\":\"https:\\\/\\\/www.covaprom.fr\\\/\",\"url\":\"https:\\\/\\\/www.covaprom.fr\\\/\",\"name\":\"Promoteur constructeur r\u00e9sidentiel en Ile de France\",\"isPartOf\":{\"@id\":\"https:\\\/\\\/www.covaprom.fr\\\/#website\"},\"primaryImageOfPage\":{\"@id\":\"https:\\\/\\\/www.covaprom.fr\\\/#primaryimage\"},\"image\":{\"@id\":\"https:\\\/\\\/www.covaprom.fr\\\/#primaryimage\"},\"thumbnailUrl\":\"https:\\\/\\\/www.covaprom.fr\\\/wp-content\\\/uploads\\\/2025\\\/10\\\/Axoma-Perspective-terrasse-A41-1024x576.jpg\",\"datePublished\":\"2022-02-06T17:15:12+00:00\",\"dateModified\":\"2026-03-17T18:31:23+00:00\",\"description\":\"Promoteur constructeur de logements neufs ou r\u00e9nov\u00e9s en Ile de France. Achat de terrains \u00e0 construire. Immobilier r\u00e9sidentiel neuf.\",\"breadcrumb\":{\"@id\":\"https:\\\/\\\/www.covaprom.fr\\\/#breadcrumb\"},\"inLanguage\":\"fr-FR\",\"potentialAction\":[{\"@type\":\"ReadAction\",\"target\":[\"https:\\\/\\\/www.covaprom.fr\\\/\"]}]},{\"@type\":\"ImageObject\",\"inLanguage\":\"fr-FR\",\"@id\":\"https:\\\/\\\/www.covaprom.fr\\\/#primaryimage\",\"url\":\"https:\\\/\\\/www.covaprom.fr\\\/wp-content\\\/uploads\\\/2025\\\/10\\\/Axoma-Perspective-terrasse-A41-scaled.jpg\",\"contentUrl\":\"https:\\\/\\\/www.covaprom.fr\\\/wp-content\\\/uploads\\\/2025\\\/10\\\/Axoma-Perspective-terrasse-A41-scaled.jpg\",\"width\":2560,\"height\":1440},{\"@type\":\"BreadcrumbList\",\"@id\":\"https:\\\/\\\/www.covaprom.fr\\\/#breadcrumb\",\"itemListElement\":[{\"@type\":\"ListItem\",\"position\":1,\"name\":\"Home\",\"item\":\"https:\\\/\\\/www.covaprom.fr\\\/\"},{\"@type\":\"ListItem\",\"position\":2,\"name\":\"Accueil\"}]},{\"@type\":\"WebSite\",\"@id\":\"https:\\\/\\\/www.covaprom.fr\\\/#website\",\"url\":\"https:\\\/\\\/www.covaprom.fr\\\/\",\"name\":\"COVAPROM\",\"description\":\"Promoteur constructeur de logements neufs\",\"publisher\":{\"@id\":\"https:\\\/\\\/www.covaprom.fr\\\/#organization\"},\"potentialAction\":[{\"@type\":\"SearchAction\",\"target\":{\"@type\":\"EntryPoint\",\"urlTemplate\":\"https:\\\/\\\/www.covaprom.fr\\\/?s={search_term_string}\"},\"query-input\":{\"@type\":\"PropertyValueSpecification\",\"valueRequired\":true,\"valueName\":\"search_term_string\"}}],\"inLanguage\":\"fr-FR\"},{\"@type\":\"Organization\",\"@id\":\"https:\\\/\\\/www.covaprom.fr\\\/#organization\",\"name\":\"COVAPROM\",\"url\":\"https:\\\/\\\/www.covaprom.fr\\\/\",\"logo\":{\"@type\":\"ImageObject\",\"inLanguage\":\"fr-FR\",\"@id\":\"https:\\\/\\\/www.covaprom.fr\\\/#\\\/schema\\\/logo\\\/image\\\/\",\"url\":\"https:\\\/\\\/www.covaprom.fr\\\/wp-content\\\/uploads\\\/2022\\\/07\\\/cropped-Capture-de\u0301cran-2021-09-20-a\u0300-16.31.11.png\",\"contentUrl\":\"https:\\\/\\\/www.covaprom.fr\\\/wp-content\\\/uploads\\\/2022\\\/07\\\/cropped-Capture-de\u0301cran-2021-09-20-a\u0300-16.31.11.png\",\"width\":454,\"height\":454,\"caption\":\"COVAPROM\"},\"image\":{\"@id\":\"https:\\\/\\\/www.covaprom.fr\\\/#\\\/schema\\\/logo\\\/image\\\/\"}}]}<\/script>\n<!-- \/ Yoast SEO plugin. -->","yoast_head_json":{"title":"Promoteur constructeur r\u00e9sidentiel en Ile de France","description":"Promoteur constructeur de logements neufs ou r\u00e9nov\u00e9s en Ile de France. Achat de terrains \u00e0 construire. Immobilier r\u00e9sidentiel neuf.","robots":{"index":"index","follow":"follow","max-snippet":"max-snippet:-1","max-image-preview":"max-image-preview:large","max-video-preview":"max-video-preview:-1"},"canonical":"https:\/\/www.covaprom.fr\/","og_locale":"fr_FR","og_type":"article","og_title":"Promoteur constructeur r\u00e9sidentiel en Ile de France","og_description":"Promoteur constructeur de logements neufs ou r\u00e9nov\u00e9s en Ile de France. Achat de terrains \u00e0 construire. Immobilier r\u00e9sidentiel neuf.","og_url":"https:\/\/www.covaprom.fr\/","og_site_name":"COVAPROM","article_modified_time":"2026-03-17T18:31:23+00:00","og_image":[{"width":2560,"height":1440,"url":"https:\/\/www.covaprom.fr\/wp-content\/uploads\/2025\/10\/Axoma-Perspective-terrasse-A41-scaled.jpg","type":"image\/jpeg"}],"twitter_card":"summary_large_image","twitter_misc":{"Dur\u00e9e de lecture estim\u00e9e":"1 minute"},"schema":{"@context":"https:\/\/schema.org","@graph":[{"@type":"WebPage","@id":"https:\/\/www.covaprom.fr\/","url":"https:\/\/www.covaprom.fr\/","name":"Promoteur constructeur r\u00e9sidentiel en Ile de France","isPartOf":{"@id":"https:\/\/www.covaprom.fr\/#website"},"primaryImageOfPage":{"@id":"https:\/\/www.covaprom.fr\/#primaryimage"},"image":{"@id":"https:\/\/www.covaprom.fr\/#primaryimage"},"thumbnailUrl":"https:\/\/www.covaprom.fr\/wp-content\/uploads\/2025\/10\/Axoma-Perspective-terrasse-A41-1024x576.jpg","datePublished":"2022-02-06T17:15:12+00:00","dateModified":"2026-03-17T18:31:23+00:00","description":"Promoteur constructeur de logements neufs ou r\u00e9nov\u00e9s en Ile de France. Achat de terrains \u00e0 construire. Immobilier r\u00e9sidentiel neuf.","breadcrumb":{"@id":"https:\/\/www.covaprom.fr\/#breadcrumb"},"inLanguage":"fr-FR","potentialAction":[{"@type":"ReadAction","target":["https:\/\/www.covaprom.fr\/"]}]},{"@type":"ImageObject","inLanguage":"fr-FR","@id":"https:\/\/www.covaprom.fr\/#primaryimage","url":"https:\/\/www.covaprom.fr\/wp-content\/uploads\/2025\/10\/Axoma-Perspective-terrasse-A41-scaled.jpg","contentUrl":"https:\/\/www.covaprom.fr\/wp-content\/uploads\/2025\/10\/Axoma-Perspective-terrasse-A41-scaled.jpg","width":2560,"height":1440},{"@type":"BreadcrumbList","@id":"https:\/\/www.covaprom.fr\/#breadcrumb","itemListElement":[{"@type":"ListItem","position":1,"name":"Home","item":"https:\/\/www.covaprom.fr\/"},{"@type":"ListItem","position":2,"name":"Accueil"}]},{"@type":"WebSite","@id":"https:\/\/www.covaprom.fr\/#website","url":"https:\/\/www.covaprom.fr\/","name":"COVAPROM","description":"Promoteur constructeur de logements neufs","publisher":{"@id":"https:\/\/www.covaprom.fr\/#organization"},"potentialAction":[{"@type":"SearchAction","target":{"@type":"EntryPoint","urlTemplate":"https:\/\/www.covaprom.fr\/?s={search_term_string}"},"query-input":{"@type":"PropertyValueSpecification","valueRequired":true,"valueName":"search_term_string"}}],"inLanguage":"fr-FR"},{"@type":"Organization","@id":"https:\/\/www.covaprom.fr\/#organization","name":"COVAPROM","url":"https:\/\/www.covaprom.fr\/","logo":{"@type":"ImageObject","inLanguage":"fr-FR","@id":"https:\/\/www.covaprom.fr\/#\/schema\/logo\/image\/","url":"https:\/\/www.covaprom.fr\/wp-content\/uploads\/2022\/07\/cropped-Capture-de\u0301cran-2021-09-20-a\u0300-16.31.11.png","contentUrl":"https:\/\/www.covaprom.fr\/wp-content\/uploads\/2022\/07\/cropped-Capture-de\u0301cran-2021-09-20-a\u0300-16.31.11.png","width":454,"height":454,"caption":"COVAPROM"},"image":{"@id":"https:\/\/www.covaprom.fr\/#\/schema\/logo\/image\/"}}]}},"_links":{"self":[{"href":"https:\/\/www.covaprom.fr\/index.php?rest_route=\/wp\/v2\/pages\/12","targetHints":{"allow":["GET"]}}],"collection":[{"href":"https:\/\/www.covaprom.fr\/index.php?rest_route=\/wp\/v2\/pages"}],"about":[{"href":"https:\/\/www.covaprom.fr\/index.php?rest_route=\/wp\/v2\/types\/page"}],"author":[{"embeddable":true,"href":"https:\/\/www.covaprom.fr\/index.php?rest_route=\/wp\/v2\/users\/2"}],"replies":[{"embeddable":true,"href":"https:\/\/www.covaprom.fr\/index.php?rest_route=%2Fwp%2Fv2%2Fcomments&post=12"}],"version-history":[{"count":112,"href":"https:\/\/www.covaprom.fr\/index.php?rest_route=\/wp\/v2\/pages\/12\/revisions"}],"predecessor-version":[{"id":1325,"href":"https:\/\/www.covaprom.fr\/index.php?rest_route=\/wp\/v2\/pages\/12\/revisions\/1325"}],"wp:attachment":[{"href":"https:\/\/www.covaprom.fr\/index.php?rest_route=%2Fwp%2Fv2%2Fmedia&parent=12"}],"curies":[{"name":"wp","href":"https:\/\/api.w.org\/{rel}","templated":true}]}}