{"id":16,"date":"2022-02-06T18:29:51","date_gmt":"2022-02-06T17:29:51","guid":{"rendered":"https:\/\/newrmtz.cluster031.hosting.ovh.net\/?page_id=16"},"modified":"2026-03-17T19:28:17","modified_gmt":"2026-03-17T18:28:17","slug":"nanterre-ez","status":"publish","type":"page","link":"https:\/\/www.covaprom.fr\/?page_id=16","title":{"rendered":"En commercialisation"},"content":{"rendered":"\t\t<div data-elementor-type=\"wp-page\" data-elementor-id=\"16\" class=\"elementor elementor-16\">\n\t\t\t\t\t\t<section class=\"elementor-section elementor-top-section elementor-element elementor-element-73b9001 elementor-section-boxed elementor-section-height-default elementor-section-height-default\" data-id=\"73b9001\" data-element_type=\"section\" data-e-type=\"section\">\n\t\t\t\t\t\t<div class=\"elementor-container elementor-column-gap-default\">\n\t\t\t\t\t<div class=\"elementor-column elementor-col-100 elementor-top-column elementor-element elementor-element-dc60514\" data-id=\"dc60514\" data-element_type=\"column\" data-e-type=\"column\">\n\t\t\t<div class=\"elementor-widget-wrap elementor-element-populated\">\n\t\t\t\t\t\t<div class=\"elementor-element elementor-element-4b18113 elementor-widget__width-initial elementor-widget elementor-widget-image\" data-id=\"4b18113\" data-element_type=\"widget\" data-e-type=\"widget\" data-widget_type=\"image.default\">\n\t\t\t\t<div class=\"elementor-widget-container\">\n\t\t\t\t\t\t\t\t\t\t\t\t\t\t\t<img decoding=\"async\" width=\"275\" height=\"123\" src=\"https:\/\/www.covaprom.fr\/wp-content\/uploads\/2025\/02\/LOGO_AXOMA_RVB.png\" class=\"attachment-large size-large wp-image-908\" alt=\"\" \/>\t\t\t\t\t\t\t\t\t\t\t\t\t\t\t<\/div>\n\t\t\t\t<\/div>\n\t\t\t\t\t<\/div>\n\t\t<\/div>\n\t\t\t\t\t<\/div>\n\t\t<\/section>\n\t\t\t\t<section class=\"elementor-section elementor-top-section elementor-element elementor-element-d4aa6cc elementor-section-boxed elementor-section-height-default elementor-section-height-default\" data-id=\"d4aa6cc\" data-element_type=\"section\" data-e-type=\"section\">\n\t\t\t\t\t\t<div class=\"elementor-container elementor-column-gap-default\">\n\t\t\t\t\t<div class=\"elementor-column elementor-col-100 elementor-top-column elementor-element elementor-element-1af47bf\" data-id=\"1af47bf\" data-element_type=\"column\" data-e-type=\"column\">\n\t\t\t<div class=\"elementor-widget-wrap elementor-element-populated\">\n\t\t\t\t\t\t<div class=\"elementor-element elementor-element-076c914 elementor-widget elementor-widget-text-editor\" data-id=\"076c914\" data-element_type=\"widget\" data-e-type=\"widget\" data-widget_type=\"text-editor.default\">\n\t\t\t\t<div class=\"elementor-widget-container\">\n\t\t\t\t\t\t\t\t\t<p><strong>D\u00e9couvrez l\u2019exclusivit\u00e9 d\u2019AXOMA,\u00a0<\/strong><strong>\u00e0 Issy-les-Moulineaux (92) &#8211; 12 all\u00e9e des Coutures et 9 rue Roger Salengro<\/strong><\/p>\t\t\t\t\t\t\t\t<\/div>\n\t\t\t\t<\/div>\n\t\t\t\t\t<\/div>\n\t\t<\/div>\n\t\t\t\t\t<\/div>\n\t\t<\/section>\n\t\t\t\t<section class=\"elementor-section elementor-top-section elementor-element elementor-element-febaa9f elementor-section-boxed elementor-section-height-default elementor-section-height-default\" data-id=\"febaa9f\" data-element_type=\"section\" data-e-type=\"section\">\n\t\t\t\t\t\t<div class=\"elementor-container elementor-column-gap-default\">\n\t\t\t\t\t<div class=\"elementor-column elementor-col-50 elementor-top-column elementor-element elementor-element-82837f6\" data-id=\"82837f6\" data-element_type=\"column\" data-e-type=\"column\">\n\t\t\t<div class=\"elementor-widget-wrap elementor-element-populated\">\n\t\t\t\t\t\t<div class=\"elementor-element elementor-element-cbf6d5e elementor-widget elementor-widget-text-editor\" data-id=\"cbf6d5e\" data-element_type=\"widget\" data-e-type=\"widget\" data-widget_type=\"text-editor.default\">\n\t\t\t\t<div class=\"elementor-widget-container\">\n\t\t\t\t\t\t\t\t\t<ul><li><strong>RARETE du calme aux portes de Paris<\/strong><\/li><li><strong>CENTRALITE de l\u2019emplacement \u00e0 deux pas des commerces, des transports en commun, des parcs et des \u00e9coles<\/strong><\/li><li><strong>SERENITE d\u2019une r\u00e9sidence de seulement 12 logements<\/strong><\/li><li><strong>ELEGANCE d\u2019une architecture soign\u00e9e et des mat\u00e9riaux nobles<\/strong><\/li><\/ul><p><span style=\"font-size: 14px;\"><span style=\"color: #000000;\">Une adresse qui se vit \u00e0 pied , dans un environnement privil\u00e9gi\u00e9, au <strong>calme<\/strong>, \u00e0 proximit\u00e9 imm\u00e9diate du <strong>centre-ville<\/strong>, des commerces, du m\u00e9tro et de la gare Grand Paris Express &#8211; ligne 15 \/ RER C. <\/span><\/span><\/p><p><span style=\"color: #000000;\"><span style=\"font-size: 14px;\"><strong>AXOMA propose :<\/strong><\/span><\/span><\/p><ul><li><span style=\"color: #000000;\"><span style=\"font-size: 14px;\">11 appartements de standing : <\/span><\/span><\/li><\/ul><p><span style=\"color: #000000;\"><span style=\"font-size: 14px;\">du studio au<strong> 6 pi\u00e8ces <\/strong><\/span><strong style=\"font-size: 14px;\">duplex exceptionnel <\/strong>de 141 m\u00b2 <strong>avec rooftop<\/strong> et 120 m\u00b2 de terrasse panoramique plein ciel.<\/span><\/p><ul><li><span style=\"font-size: 14px;\"><span style=\"color: #000000;\">une <strong>maison de ville <\/strong>avec 170 m\u00b2 \u00e0 vivre en famille et jardin privatif<\/span>.<\/span><\/li><\/ul><p><span style=\"color: #000000; font-size: 14px;\">Renseignements au <\/span><strong style=\"color: #000000; font-size: 14px;\">01 82 83 30 68<\/strong><span style=\"color: #000000; font-size: 14px;\"> et sur <strong>c<\/strong><\/span><strong style=\"color: #000000; font-size: 14px;\">ontact@covaprom.fr<\/strong><\/p>\t\t\t\t\t\t\t\t<\/div>\n\t\t\t\t<\/div>\n\t\t\t\t\t<\/div>\n\t\t<\/div>\n\t\t\t\t<div class=\"elementor-column elementor-col-50 elementor-top-column elementor-element elementor-element-9803c35\" data-id=\"9803c35\" data-element_type=\"column\" data-e-type=\"column\">\n\t\t\t<div class=\"elementor-widget-wrap elementor-element-populated\">\n\t\t\t\t\t\t<div class=\"elementor-element elementor-element-0e75cba elementor-widget elementor-widget-image\" data-id=\"0e75cba\" data-element_type=\"widget\" data-e-type=\"widget\" data-widget_type=\"image.default\">\n\t\t\t\t<div class=\"elementor-widget-container\">\n\t\t\t\t\t\t\t\t\t\t\t\t\t\t\t\t<a href=\"http:\/\/www.axoma-issy.fr\">\n\t\t\t\t\t\t\t<img fetchpriority=\"high\" decoding=\"async\" width=\"819\" height=\"1024\" src=\"https:\/\/www.covaprom.fr\/wp-content\/uploads\/2025\/03\/2025.01-005_E1b-1-819x1024.jpg\" class=\"attachment-large size-large wp-image-1029\" alt=\"\" srcset=\"https:\/\/www.covaprom.fr\/wp-content\/uploads\/2025\/03\/2025.01-005_E1b-1-819x1024.jpg 819w, https:\/\/www.covaprom.fr\/wp-content\/uploads\/2025\/03\/2025.01-005_E1b-1-240x300.jpg 240w, https:\/\/www.covaprom.fr\/wp-content\/uploads\/2025\/03\/2025.01-005_E1b-1-768x960.jpg 768w, https:\/\/www.covaprom.fr\/wp-content\/uploads\/2025\/03\/2025.01-005_E1b-1-1229x1536.jpg 1229w, https:\/\/www.covaprom.fr\/wp-content\/uploads\/2025\/03\/2025.01-005_E1b-1-1638x2048.jpg 1638w, https:\/\/www.covaprom.fr\/wp-content\/uploads\/2025\/03\/2025.01-005_E1b-1-scaled.jpg 2048w\" sizes=\"(max-width: 819px) 100vw, 819px\" \/>\t\t\t\t\t\t\t\t<\/a>\n\t\t\t\t\t\t\t\t\t\t\t\t\t\t\t<\/div>\n\t\t\t\t<\/div>\n\t\t\t\t\t<\/div>\n\t\t<\/div>\n\t\t\t\t\t<\/div>\n\t\t<\/section>\n\t\t\t\t<section class=\"elementor-section elementor-top-section elementor-element elementor-element-3d79dab elementor-section-boxed elementor-section-height-default elementor-section-height-default\" data-id=\"3d79dab\" data-element_type=\"section\" data-e-type=\"section\">\n\t\t\t\t\t\t<div class=\"elementor-container elementor-column-gap-default\">\n\t\t\t\t\t<div class=\"elementor-column elementor-col-100 elementor-top-column elementor-element elementor-element-1a90441\" data-id=\"1a90441\" data-element_type=\"column\" data-e-type=\"column\">\n\t\t\t<div class=\"elementor-widget-wrap elementor-element-populated\">\n\t\t\t\t\t\t<div class=\"elementor-element elementor-element-7d83729 elementor-widget__width-initial elementor-widget elementor-widget-image\" data-id=\"7d83729\" data-element_type=\"widget\" data-e-type=\"widget\" data-widget_type=\"image.default\">\n\t\t\t\t<div class=\"elementor-widget-container\">\n\t\t\t\t\t\t\t\t\t\t\t\t\t\t\t<img decoding=\"async\" width=\"1024\" height=\"576\" src=\"https:\/\/www.covaprom.fr\/wp-content\/uploads\/2025\/10\/Axoma-Perspective-terrasse-A41-1024x576.jpg\" class=\"attachment-large size-large wp-image-1185\" alt=\"\" srcset=\"https:\/\/www.covaprom.fr\/wp-content\/uploads\/2025\/10\/Axoma-Perspective-terrasse-A41-1024x576.jpg 1024w, https:\/\/www.covaprom.fr\/wp-content\/uploads\/2025\/10\/Axoma-Perspective-terrasse-A41-300x169.jpg 300w, https:\/\/www.covaprom.fr\/wp-content\/uploads\/2025\/10\/Axoma-Perspective-terrasse-A41-768x432.jpg 768w, https:\/\/www.covaprom.fr\/wp-content\/uploads\/2025\/10\/Axoma-Perspective-terrasse-A41-1536x864.jpg 1536w, https:\/\/www.covaprom.fr\/wp-content\/uploads\/2025\/10\/Axoma-Perspective-terrasse-A41-2048x1152.jpg 2048w, https:\/\/www.covaprom.fr\/wp-content\/uploads\/2025\/10\/Axoma-Perspective-terrasse-A41-800x450.jpg 800w\" sizes=\"(max-width: 1024px) 100vw, 1024px\" \/>\t\t\t\t\t\t\t\t\t\t\t\t\t\t\t<\/div>\n\t\t\t\t<\/div>\n\t\t\t\t\t<\/div>\n\t\t<\/div>\n\t\t\t\t\t<\/div>\n\t\t<\/section>\n\t\t\t\t<section class=\"elementor-section elementor-top-section elementor-element elementor-element-91cbc98 elementor-section-boxed elementor-section-height-default elementor-section-height-default\" data-id=\"91cbc98\" data-element_type=\"section\" data-e-type=\"section\">\n\t\t\t\t\t\t<div class=\"elementor-container elementor-column-gap-default\">\n\t\t\t\t\t<div class=\"elementor-column elementor-col-50 elementor-top-column elementor-element elementor-element-d60485e\" data-id=\"d60485e\" data-element_type=\"column\" data-e-type=\"column\">\n\t\t\t<div class=\"elementor-widget-wrap elementor-element-populated\">\n\t\t\t\t\t\t<div class=\"elementor-element elementor-element-8d05570 elementor-widget elementor-widget-image\" data-id=\"8d05570\" data-element_type=\"widget\" data-e-type=\"widget\" data-widget_type=\"image.default\">\n\t\t\t\t<div class=\"elementor-widget-container\">\n\t\t\t\t\t\t\t\t\t\t\t\t\t\t\t\t<a href=\"https:\/\/i.axeon-360.com\/CLIENT\/fr\/COVAPROM\/Issy-les-Moulineaux\">\n\t\t\t\t\t\t\t<img loading=\"lazy\" decoding=\"async\" width=\"605\" height=\"488\" src=\"https:\/\/www.covaprom.fr\/wp-content\/uploads\/2026\/03\/Pers-Coutures.png\" class=\"attachment-large size-large wp-image-1296\" alt=\"\" srcset=\"https:\/\/www.covaprom.fr\/wp-content\/uploads\/2026\/03\/Pers-Coutures.png 605w, https:\/\/www.covaprom.fr\/wp-content\/uploads\/2026\/03\/Pers-Coutures-300x242.png 300w\" sizes=\"(max-width: 605px) 100vw, 605px\" \/>\t\t\t\t\t\t\t\t<\/a>\n\t\t\t\t\t\t\t\t\t\t\t\t\t\t\t<\/div>\n\t\t\t\t<\/div>\n\t\t\t\t\t<\/div>\n\t\t<\/div>\n\t\t\t\t<div class=\"elementor-column elementor-col-50 elementor-top-column elementor-element elementor-element-c189202\" data-id=\"c189202\" data-element_type=\"column\" data-e-type=\"column\">\n\t\t\t<div class=\"elementor-widget-wrap elementor-element-populated\">\n\t\t\t\t\t\t<div class=\"elementor-element elementor-element-6dfba53 elementor-widget__width-initial elementor-widget elementor-widget-image\" data-id=\"6dfba53\" data-element_type=\"widget\" data-e-type=\"widget\" data-widget_type=\"image.default\">\n\t\t\t\t<div class=\"elementor-widget-container\">\n\t\t\t\t\t\t\t\t\t\t\t\t\t\t\t\t<a href=\"https:\/\/i.axeon-360.com\/CLIENT\/fr\/COVAPROM\/Issy-les-Moulineaux\">\n\t\t\t\t\t\t\t<img loading=\"lazy\" decoding=\"async\" width=\"605\" height=\"696\" src=\"https:\/\/www.covaprom.fr\/wp-content\/uploads\/2026\/03\/Pers-sur-terrasses.png\" class=\"attachment-large size-large wp-image-1297\" alt=\"\" srcset=\"https:\/\/www.covaprom.fr\/wp-content\/uploads\/2026\/03\/Pers-sur-terrasses.png 605w, https:\/\/www.covaprom.fr\/wp-content\/uploads\/2026\/03\/Pers-sur-terrasses-261x300.png 261w\" sizes=\"(max-width: 605px) 100vw, 605px\" \/>\t\t\t\t\t\t\t\t<\/a>\n\t\t\t\t\t\t\t\t\t\t\t\t\t\t\t<\/div>\n\t\t\t\t<\/div>\n\t\t\t\t\t<\/div>\n\t\t<\/div>\n\t\t\t\t\t<\/div>\n\t\t<\/section>\n\t\t\t\t<section class=\"elementor-section elementor-top-section elementor-element elementor-element-5fe1db2 elementor-section-boxed elementor-section-height-default elementor-section-height-default\" data-id=\"5fe1db2\" data-element_type=\"section\" data-e-type=\"section\">\n\t\t\t\t\t\t<div class=\"elementor-container elementor-column-gap-default\">\n\t\t\t\t\t<div class=\"elementor-column elementor-col-100 elementor-top-column elementor-element elementor-element-61624be\" data-id=\"61624be\" data-element_type=\"column\" data-e-type=\"column\">\n\t\t\t<div class=\"elementor-widget-wrap elementor-element-populated\">\n\t\t\t\t\t\t<div class=\"elementor-element elementor-element-02d92c1 elementor-widget elementor-widget-image\" data-id=\"02d92c1\" data-element_type=\"widget\" data-e-type=\"widget\" data-widget_type=\"image.default\">\n\t\t\t\t<div class=\"elementor-widget-container\">\n\t\t\t\t\t\t\t\t\t\t\t\t\t\t\t\t<a href=\"https:\/\/axeon.fr\/CLIENT\/COVAPROM\/Issy-les-Moulineaux\/\">\n\t\t\t\t\t\t\t<img loading=\"lazy\" decoding=\"async\" width=\"1024\" height=\"618\" src=\"https:\/\/www.covaprom.fr\/wp-content\/uploads\/2025\/03\/Plan-masse-Axoma-seule-1024x618.jpg\" class=\"attachment-large size-large wp-image-1050\" alt=\"\" srcset=\"https:\/\/www.covaprom.fr\/wp-content\/uploads\/2025\/03\/Plan-masse-Axoma-seule-1024x618.jpg 1024w, https:\/\/www.covaprom.fr\/wp-content\/uploads\/2025\/03\/Plan-masse-Axoma-seule-300x181.jpg 300w, https:\/\/www.covaprom.fr\/wp-content\/uploads\/2025\/03\/Plan-masse-Axoma-seule-768x464.jpg 768w, https:\/\/www.covaprom.fr\/wp-content\/uploads\/2025\/03\/Plan-masse-Axoma-seule.jpg 1408w\" sizes=\"(max-width: 1024px) 100vw, 1024px\" \/>\t\t\t\t\t\t\t\t<\/a>\n\t\t\t\t\t\t\t\t\t\t\t\t\t\t\t<\/div>\n\t\t\t\t<\/div>\n\t\t\t\t\t<\/div>\n\t\t<\/div>\n\t\t\t\t\t<\/div>\n\t\t<\/section>\n\t\t\t\t<\/div>\n\t\t","protected":false},"excerpt":{"rendered":"<p>D\u00e9couvrez l\u2019exclusivit\u00e9 d\u2019AXOMA,\u00a0\u00e0 Issy-les-Moulineaux (92) &#8211; 12 all\u00e9e des Coutures et 9 rue Roger Salengro RARETE du calme aux portes de Paris CENTRALITE de l\u2019emplacement \u00e0 deux pas des commerces, des transports en commun, des parcs et des \u00e9coles SERENITE d\u2019une r\u00e9sidence de seulement 12 logements ELEGANCE d\u2019une architecture soign\u00e9e et des mat\u00e9riaux nobles Une [&hellip;]<\/p>\n","protected":false},"author":2,"featured_media":0,"parent":0,"menu_order":0,"comment_status":"closed","ping_status":"closed","template":"","meta":{"footnotes":""},"class_list":["post-16","page","type-page","status-publish","hentry","entry"],"aioseo_notices":[],"yoast_head":"<!-- This site is optimized with the Yoast SEO plugin v27.5 - https:\/\/yoast.com\/product\/yoast-seo-wordpress\/ -->\n<title>En commercialisation - COVAPROM<\/title>\n<meta name=\"robots\" content=\"index, follow, max-snippet:-1, max-image-preview:large, max-video-preview:-1\" \/>\n<link rel=\"canonical\" href=\"https:\/\/www.covaprom.fr\/?page_id=16\" \/>\n<meta property=\"og:locale\" content=\"fr_FR\" \/>\n<meta property=\"og:type\" content=\"article\" \/>\n<meta property=\"og:title\" content=\"En commercialisation - COVAPROM\" \/>\n<meta property=\"og:description\" content=\"D\u00e9couvrez l\u2019exclusivit\u00e9 d\u2019AXOMA,\u00a0\u00e0 Issy-les-Moulineaux (92) &#8211; 12 all\u00e9e des Coutures et 9 rue Roger Salengro RARETE du calme aux portes de Paris CENTRALITE de l\u2019emplacement \u00e0 deux pas des commerces, des transports en commun, des parcs et des \u00e9coles SERENITE d\u2019une r\u00e9sidence de seulement 12 logements ELEGANCE d\u2019une architecture soign\u00e9e et des mat\u00e9riaux nobles Une [&hellip;]\" \/>\n<meta property=\"og:url\" content=\"https:\/\/www.covaprom.fr\/?page_id=16\" \/>\n<meta property=\"og:site_name\" content=\"COVAPROM\" \/>\n<meta property=\"article:modified_time\" content=\"2026-03-17T18:28:17+00:00\" \/>\n<meta property=\"og:image\" content=\"https:\/\/www.covaprom.fr\/wp-content\/uploads\/2025\/02\/LOGO_AXOMA_RVB.png\" \/>\n\t<meta property=\"og:image:width\" content=\"275\" \/>\n\t<meta property=\"og:image:height\" content=\"123\" \/>\n\t<meta property=\"og:image:type\" content=\"image\/png\" \/>\n<meta name=\"twitter:card\" content=\"summary_large_image\" \/>\n<meta name=\"twitter:label1\" content=\"Dur\u00e9e de lecture estim\u00e9e\" \/>\n\t<meta name=\"twitter:data1\" content=\"2 minutes\" \/>\n<script type=\"application\/ld+json\" class=\"yoast-schema-graph\">{\"@context\":\"https:\\\/\\\/schema.org\",\"@graph\":[{\"@type\":\"WebPage\",\"@id\":\"https:\\\/\\\/www.covaprom.fr\\\/?page_id=16\",\"url\":\"https:\\\/\\\/www.covaprom.fr\\\/?page_id=16\",\"name\":\"En commercialisation - COVAPROM\",\"isPartOf\":{\"@id\":\"https:\\\/\\\/www.covaprom.fr\\\/#website\"},\"primaryImageOfPage\":{\"@id\":\"https:\\\/\\\/www.covaprom.fr\\\/?page_id=16#primaryimage\"},\"image\":{\"@id\":\"https:\\\/\\\/www.covaprom.fr\\\/?page_id=16#primaryimage\"},\"thumbnailUrl\":\"https:\\\/\\\/www.covaprom.fr\\\/wp-content\\\/uploads\\\/2025\\\/02\\\/LOGO_AXOMA_RVB.png\",\"datePublished\":\"2022-02-06T17:29:51+00:00\",\"dateModified\":\"2026-03-17T18:28:17+00:00\",\"breadcrumb\":{\"@id\":\"https:\\\/\\\/www.covaprom.fr\\\/?page_id=16#breadcrumb\"},\"inLanguage\":\"fr-FR\",\"potentialAction\":[{\"@type\":\"ReadAction\",\"target\":[\"https:\\\/\\\/www.covaprom.fr\\\/?page_id=16\"]}]},{\"@type\":\"ImageObject\",\"inLanguage\":\"fr-FR\",\"@id\":\"https:\\\/\\\/www.covaprom.fr\\\/?page_id=16#primaryimage\",\"url\":\"https:\\\/\\\/www.covaprom.fr\\\/wp-content\\\/uploads\\\/2025\\\/02\\\/LOGO_AXOMA_RVB.png\",\"contentUrl\":\"https:\\\/\\\/www.covaprom.fr\\\/wp-content\\\/uploads\\\/2025\\\/02\\\/LOGO_AXOMA_RVB.png\",\"width\":275,\"height\":123},{\"@type\":\"BreadcrumbList\",\"@id\":\"https:\\\/\\\/www.covaprom.fr\\\/?page_id=16#breadcrumb\",\"itemListElement\":[{\"@type\":\"ListItem\",\"position\":1,\"name\":\"Home\",\"item\":\"https:\\\/\\\/www.covaprom.fr\\\/\"},{\"@type\":\"ListItem\",\"position\":2,\"name\":\"En commercialisation\"}]},{\"@type\":\"WebSite\",\"@id\":\"https:\\\/\\\/www.covaprom.fr\\\/#website\",\"url\":\"https:\\\/\\\/www.covaprom.fr\\\/\",\"name\":\"COVAPROM\",\"description\":\"Promoteur constructeur de logements neufs\",\"publisher\":{\"@id\":\"https:\\\/\\\/www.covaprom.fr\\\/#organization\"},\"potentialAction\":[{\"@type\":\"SearchAction\",\"target\":{\"@type\":\"EntryPoint\",\"urlTemplate\":\"https:\\\/\\\/www.covaprom.fr\\\/?s={search_term_string}\"},\"query-input\":{\"@type\":\"PropertyValueSpecification\",\"valueRequired\":true,\"valueName\":\"search_term_string\"}}],\"inLanguage\":\"fr-FR\"},{\"@type\":\"Organization\",\"@id\":\"https:\\\/\\\/www.covaprom.fr\\\/#organization\",\"name\":\"COVAPROM\",\"url\":\"https:\\\/\\\/www.covaprom.fr\\\/\",\"logo\":{\"@type\":\"ImageObject\",\"inLanguage\":\"fr-FR\",\"@id\":\"https:\\\/\\\/www.covaprom.fr\\\/#\\\/schema\\\/logo\\\/image\\\/\",\"url\":\"https:\\\/\\\/www.covaprom.fr\\\/wp-content\\\/uploads\\\/2022\\\/07\\\/cropped-Capture-de\u0301cran-2021-09-20-a\u0300-16.31.11.png\",\"contentUrl\":\"https:\\\/\\\/www.covaprom.fr\\\/wp-content\\\/uploads\\\/2022\\\/07\\\/cropped-Capture-de\u0301cran-2021-09-20-a\u0300-16.31.11.png\",\"width\":454,\"height\":454,\"caption\":\"COVAPROM\"},\"image\":{\"@id\":\"https:\\\/\\\/www.covaprom.fr\\\/#\\\/schema\\\/logo\\\/image\\\/\"}}]}<\/script>\n<!-- \/ Yoast SEO plugin. -->","yoast_head_json":{"title":"En commercialisation - COVAPROM","robots":{"index":"index","follow":"follow","max-snippet":"max-snippet:-1","max-image-preview":"max-image-preview:large","max-video-preview":"max-video-preview:-1"},"canonical":"https:\/\/www.covaprom.fr\/?page_id=16","og_locale":"fr_FR","og_type":"article","og_title":"En commercialisation - COVAPROM","og_description":"D\u00e9couvrez l\u2019exclusivit\u00e9 d\u2019AXOMA,\u00a0\u00e0 Issy-les-Moulineaux (92) &#8211; 12 all\u00e9e des Coutures et 9 rue Roger Salengro RARETE du calme aux portes de Paris CENTRALITE de l\u2019emplacement \u00e0 deux pas des commerces, des transports en commun, des parcs et des \u00e9coles SERENITE d\u2019une r\u00e9sidence de seulement 12 logements ELEGANCE d\u2019une architecture soign\u00e9e et des mat\u00e9riaux nobles Une [&hellip;]","og_url":"https:\/\/www.covaprom.fr\/?page_id=16","og_site_name":"COVAPROM","article_modified_time":"2026-03-17T18:28:17+00:00","og_image":[{"width":275,"height":123,"url":"https:\/\/www.covaprom.fr\/wp-content\/uploads\/2025\/02\/LOGO_AXOMA_RVB.png","type":"image\/png"}],"twitter_card":"summary_large_image","twitter_misc":{"Dur\u00e9e de lecture estim\u00e9e":"2 minutes"},"schema":{"@context":"https:\/\/schema.org","@graph":[{"@type":"WebPage","@id":"https:\/\/www.covaprom.fr\/?page_id=16","url":"https:\/\/www.covaprom.fr\/?page_id=16","name":"En commercialisation - COVAPROM","isPartOf":{"@id":"https:\/\/www.covaprom.fr\/#website"},"primaryImageOfPage":{"@id":"https:\/\/www.covaprom.fr\/?page_id=16#primaryimage"},"image":{"@id":"https:\/\/www.covaprom.fr\/?page_id=16#primaryimage"},"thumbnailUrl":"https:\/\/www.covaprom.fr\/wp-content\/uploads\/2025\/02\/LOGO_AXOMA_RVB.png","datePublished":"2022-02-06T17:29:51+00:00","dateModified":"2026-03-17T18:28:17+00:00","breadcrumb":{"@id":"https:\/\/www.covaprom.fr\/?page_id=16#breadcrumb"},"inLanguage":"fr-FR","potentialAction":[{"@type":"ReadAction","target":["https:\/\/www.covaprom.fr\/?page_id=16"]}]},{"@type":"ImageObject","inLanguage":"fr-FR","@id":"https:\/\/www.covaprom.fr\/?page_id=16#primaryimage","url":"https:\/\/www.covaprom.fr\/wp-content\/uploads\/2025\/02\/LOGO_AXOMA_RVB.png","contentUrl":"https:\/\/www.covaprom.fr\/wp-content\/uploads\/2025\/02\/LOGO_AXOMA_RVB.png","width":275,"height":123},{"@type":"BreadcrumbList","@id":"https:\/\/www.covaprom.fr\/?page_id=16#breadcrumb","itemListElement":[{"@type":"ListItem","position":1,"name":"Home","item":"https:\/\/www.covaprom.fr\/"},{"@type":"ListItem","position":2,"name":"En commercialisation"}]},{"@type":"WebSite","@id":"https:\/\/www.covaprom.fr\/#website","url":"https:\/\/www.covaprom.fr\/","name":"COVAPROM","description":"Promoteur constructeur de logements neufs","publisher":{"@id":"https:\/\/www.covaprom.fr\/#organization"},"potentialAction":[{"@type":"SearchAction","target":{"@type":"EntryPoint","urlTemplate":"https:\/\/www.covaprom.fr\/?s={search_term_string}"},"query-input":{"@type":"PropertyValueSpecification","valueRequired":true,"valueName":"search_term_string"}}],"inLanguage":"fr-FR"},{"@type":"Organization","@id":"https:\/\/www.covaprom.fr\/#organization","name":"COVAPROM","url":"https:\/\/www.covaprom.fr\/","logo":{"@type":"ImageObject","inLanguage":"fr-FR","@id":"https:\/\/www.covaprom.fr\/#\/schema\/logo\/image\/","url":"https:\/\/www.covaprom.fr\/wp-content\/uploads\/2022\/07\/cropped-Capture-de\u0301cran-2021-09-20-a\u0300-16.31.11.png","contentUrl":"https:\/\/www.covaprom.fr\/wp-content\/uploads\/2022\/07\/cropped-Capture-de\u0301cran-2021-09-20-a\u0300-16.31.11.png","width":454,"height":454,"caption":"COVAPROM"},"image":{"@id":"https:\/\/www.covaprom.fr\/#\/schema\/logo\/image\/"}}]}},"_links":{"self":[{"href":"https:\/\/www.covaprom.fr\/index.php?rest_route=\/wp\/v2\/pages\/16","targetHints":{"allow":["GET"]}}],"collection":[{"href":"https:\/\/www.covaprom.fr\/index.php?rest_route=\/wp\/v2\/pages"}],"about":[{"href":"https:\/\/www.covaprom.fr\/index.php?rest_route=\/wp\/v2\/types\/page"}],"author":[{"embeddable":true,"href":"https:\/\/www.covaprom.fr\/index.php?rest_route=\/wp\/v2\/users\/2"}],"replies":[{"embeddable":true,"href":"https:\/\/www.covaprom.fr\/index.php?rest_route=%2Fwp%2Fv2%2Fcomments&post=16"}],"version-history":[{"count":242,"href":"https:\/\/www.covaprom.fr\/index.php?rest_route=\/wp\/v2\/pages\/16\/revisions"}],"predecessor-version":[{"id":1322,"href":"https:\/\/www.covaprom.fr\/index.php?rest_route=\/wp\/v2\/pages\/16\/revisions\/1322"}],"wp:attachment":[{"href":"https:\/\/www.covaprom.fr\/index.php?rest_route=%2Fwp%2Fv2%2Fmedia&parent=16"}],"curies":[{"name":"wp","href":"https:\/\/api.w.org\/{rel}","templated":true}]}}