{"id":190,"date":"2022-02-16T18:03:50","date_gmt":"2022-02-16T17:03:50","guid":{"rendered":"https:\/\/newrmtz.cluster031.hosting.ovh.net\/?page_id=190"},"modified":"2025-11-26T19:09:28","modified_gmt":"2025-11-26T18:09:28","slug":"la-societe-covaprom","status":"publish","type":"page","link":"https:\/\/www.covaprom.fr\/?page_id=190","title":{"rendered":"La soci\u00e9t\u00e9 Covaprom"},"content":{"rendered":"\t\t<div data-elementor-type=\"wp-page\" data-elementor-id=\"190\" class=\"elementor elementor-190\">\n\t\t\t\t\t\t<section class=\"elementor-section elementor-top-section elementor-element elementor-element-b674be7 elementor-section-boxed elementor-section-height-default elementor-section-height-default\" data-id=\"b674be7\" data-element_type=\"section\" data-e-type=\"section\">\n\t\t\t\t\t\t<div class=\"elementor-container elementor-column-gap-default\">\n\t\t\t\t\t<div class=\"elementor-column elementor-col-100 elementor-top-column elementor-element elementor-element-4252f53\" data-id=\"4252f53\" data-element_type=\"column\" data-e-type=\"column\">\n\t\t\t<div class=\"elementor-widget-wrap elementor-element-populated\">\n\t\t\t\t\t\t<div class=\"elementor-element elementor-element-d89a623 elementor-widget elementor-widget-text-editor\" data-id=\"d89a623\" data-element_type=\"widget\" data-e-type=\"widget\" data-widget_type=\"text-editor.default\">\n\t\t\t\t<div class=\"elementor-widget-container\">\n\t\t\t\t\t\t\t\t\t<p>Notre ADN<\/p>\t\t\t\t\t\t\t\t<\/div>\n\t\t\t\t<\/div>\n\t\t\t\t<div class=\"elementor-element elementor-element-23a3768 elementor-widget__width-initial elementor-widget elementor-widget-text-editor\" data-id=\"23a3768\" data-element_type=\"widget\" data-e-type=\"widget\" data-widget_type=\"text-editor.default\">\n\t\t\t\t<div class=\"elementor-widget-container\">\n\t\t\t\t\t\t\t\t\t<p>\u00ab\u00a0<b style=\"font-style: italic;\">L&rsquo;art de b\u00e2tir un cadre de vie durable, \u00e9thique et responsable avec exigence\u00a0\u00bb<\/b><\/p><p>Covaprom se distingue par une approche r\u00e9solument qualitative, privil\u00e9giant l&rsquo;excellence \u00e0 la quantit\u00e9. Notre s\u00e9lection rigoureuse d&#8217;emplacements et notre engagement sans compromis se traduisent par des r\u00e9alisations uniques, <strong>con\u00e7ues comme si nous les destinions \u00e0 notre propre usage.<\/strong><\/p><p><span style=\"text-decoration: underline;\"><strong>Nos atouts qui font la diff\u00e9rence :<\/strong><\/span><\/p><ul><li><strong>Personnalisation architecturale : <\/strong>Parce qu\u2019acheter dans le neuf, c\u2019est imaginer demain, nous offrons la possibilit\u00e9 d\u2019adapter les plans d\u00e8s la phase de pr\u00e9\u2011commercialisation\u202f: redistribution des cloisons, cr\u00e9ation d\u2019un bureau, optimisation des rangements. L&rsquo;\u00e9quipe d\u2019ing\u00e9nierie valide chaque modification pour garantir la conformit\u00e9 technique et r\u00e9glementaire, dans les limites de l&rsquo;avancement du chantier \u2014 un avantage que peu d\u2019acteurs acceptent de proposer.<\/li><\/ul><ul><li><strong>Espace client digital &amp; interactif : <\/strong>Un portail s\u00e9curis\u00e9, accessible 24\u202fh\/24, centralise tous vos documents\u202f: plans, avenants, appels de fonds, notice descriptive, choix des rev\u00eatements, demandes de Travaux Modificatifs Acqu\u00e9reurs, conversations. Vous suivez l\u2019avancement des travaux gr\u00e2ce \u00e0 un mini journal, des reportages photo et vous planifiez vos visites en quelques clics.<\/li><\/ul><ul><li><strong>Des logements agr\u00e9ables \u00e0 vivre : <\/strong>Lumineux, fonctionnels et \u00e9volutifs, prolong\u00e9s par de g\u00e9n\u00e9reux espaces ext\u00e9rieurs, pour un confort de vie in\u00e9gal\u00e9.<\/li><\/ul><ul><li><strong>Une conception bioclimatique<\/strong> : Des plans privil\u00e9giant les logements traversants et\/ou la double exposition pour une qualit\u00e9 de l&rsquo;air optimale et une luminosit\u00e9 naturelle abondante.<\/li><\/ul><ul><li><strong>Une technologie au service du confort<\/strong> : Pilotage domotique des \u00e9quipements (selon options) et gestion optimis\u00e9e des consommations, pour un habitat connect\u00e9 et \u00e9co-responsable.<\/li><\/ul><p><span style=\"text-decoration: underline;\"><strong>Pourquoi choisir Covaprom ?<\/strong><\/span><\/p><ul><li><strong>Une approche sur mesure<\/strong> : Chaque projet est unique, et nous adaptons nos services pour r\u00e9pondre pr\u00e9cis\u00e9ment \u00e0 vos besoins.<\/li><li><strong>Int\u00e9grit\u00e9 et transparence<\/strong> : Nous cultivons des relations de confiance, bas\u00e9es sur l&rsquo;honn\u00eatet\u00e9, le respect des engagements et la communication directe.<\/li><li><strong>Un partenariat durable<\/strong> : Nous collaborons \u00e9troitement avec les collectivit\u00e9s locales, les architectes et les entreprises pour des r\u00e9alisations harmonieuses et p\u00e9rennes.<\/li><li><strong>Un engagement \u00e9co-responsable<\/strong> : Nous int\u00e9grons les enjeux environnementaux et soci\u00e9taux dans nos r\u00e9alisations, en favorisant la r\u00e9g\u00e9n\u00e9ration urbaine et la qualit\u00e9 des logements pour cr\u00e9er la ville de demain.<\/li><\/ul><p>Notre <strong>expertise<\/strong> s&rsquo;\u00e9tend aux op\u00e9rations de <strong>constructions neuves<\/strong>, \u00e0 la r\u00e9novation d&rsquo;immeubles de bureaux en logements, ainsi qu&rsquo;\u00e0 la sur\u00e9l\u00e9vation d&rsquo;immeubles existants. Par ailleurs, en tant que promoteur exp\u00e9riment\u00e9, Covaprom met \u00e9galement son savoir-faire \u00e0 travers des services d&rsquo;<strong>Assistance \u00e0 Ma\u00eetrise d&rsquo;Ouvrage<\/strong>. Nous accompagnons et conseillons les propri\u00e9taires fonciers et les collectivit\u00e9s locales dans leurs projets d&rsquo;urbanisation ou de r\u00e9habilitation de sites obsol\u00e8tes. Soucieux de pr\u00e9server les espaces naturels, nous privil\u00e9gions la reconstruction de la ville sur la ville, en redonnant vie aux friches commerciales et industrielles, ainsi qu&rsquo;aux immeubles de bureaux \u00e0 fort potentiel de transformation.<\/p>\t\t\t\t\t\t\t\t<\/div>\n\t\t\t\t<\/div>\n\t\t\t\t\t<\/div>\n\t\t<\/div>\n\t\t\t\t\t<\/div>\n\t\t<\/section>\n\t\t\t\t<section class=\"elementor-section elementor-top-section elementor-element elementor-element-53dd4ac elementor-section-boxed elementor-section-height-default elementor-section-height-default\" data-id=\"53dd4ac\" data-element_type=\"section\" data-e-type=\"section\">\n\t\t\t\t\t\t<div class=\"elementor-container elementor-column-gap-default\">\n\t\t\t\t\t<div class=\"elementor-column elementor-col-50 elementor-top-column elementor-element elementor-element-4ffd73a\" data-id=\"4ffd73a\" data-element_type=\"column\" data-e-type=\"column\">\n\t\t\t<div class=\"elementor-widget-wrap elementor-element-populated\">\n\t\t\t\t\t\t<div class=\"elementor-element elementor-element-b76a9a0 elementor-widget elementor-widget-image\" data-id=\"b76a9a0\" data-element_type=\"widget\" data-e-type=\"widget\" data-widget_type=\"image.default\">\n\t\t\t\t<div class=\"elementor-widget-container\">\n\t\t\t\t\t\t\t\t\t\t\t\t\t\t\t<img fetchpriority=\"high\" decoding=\"async\" width=\"683\" height=\"1024\" src=\"https:\/\/www.covaprom.fr\/wp-content\/uploads\/2025\/01\/27-683x1024.jpg\" class=\"attachment-large size-large wp-image-902\" alt=\"\" srcset=\"https:\/\/www.covaprom.fr\/wp-content\/uploads\/2025\/01\/27-683x1024.jpg 683w, https:\/\/www.covaprom.fr\/wp-content\/uploads\/2025\/01\/27-200x300.jpg 200w, https:\/\/www.covaprom.fr\/wp-content\/uploads\/2025\/01\/27-768x1152.jpg 768w, https:\/\/www.covaprom.fr\/wp-content\/uploads\/2025\/01\/27-1024x1536.jpg 1024w, https:\/\/www.covaprom.fr\/wp-content\/uploads\/2025\/01\/27-1365x2048.jpg 1365w, https:\/\/www.covaprom.fr\/wp-content\/uploads\/2025\/01\/27-scaled.jpg 1707w\" sizes=\"(max-width: 683px) 100vw, 683px\" \/>\t\t\t\t\t\t\t\t\t\t\t\t\t\t\t<\/div>\n\t\t\t\t<\/div>\n\t\t\t\t\t<\/div>\n\t\t<\/div>\n\t\t\t\t<div class=\"elementor-column elementor-col-50 elementor-top-column elementor-element elementor-element-9379cf3\" data-id=\"9379cf3\" data-element_type=\"column\" data-e-type=\"column\">\n\t\t\t<div class=\"elementor-widget-wrap elementor-element-populated\">\n\t\t\t\t\t\t<div class=\"elementor-element elementor-element-4a00af5 elementor-widget-tablet__width-initial elementor-widget elementor-widget-text-editor\" data-id=\"4a00af5\" data-element_type=\"widget\" data-e-type=\"widget\" data-widget_type=\"text-editor.default\">\n\t\t\t\t<div class=\"elementor-widget-container\">\n\t\t\t\t\t\t\t\t\t<p data-sourcepos=\"5:1-5:640\">\u00ab\u00a0Ing\u00e9nieur de formation, mon parcours a d\u00e9but\u00e9 dans l&rsquo;audit et l&rsquo;expertise immobili\u00e8re au sein de cabinets nationaux de conseil en immobilier. Cette exp\u00e9rience m&rsquo;a offert une vision globale du secteur, mais c&rsquo;est le terrain et la cr\u00e9ation de projets concrets et durables qui m&rsquo;ont v\u00e9ritablement passionn\u00e9. Fort de vingt ans d&rsquo;exp\u00e9rience dans la promotion immobili\u00e8re acquise au sein de groupes nationaux et d&rsquo;entreprises r\u00e9gionales, j&rsquo;ai fond\u00e9 Covaprom en 2020.\u00a0\u00bb<\/p><p data-sourcepos=\"5:1-5:640\"><strong>Notre ambition<\/strong> : mettre une expertise et une passion au service de la r\u00e9alisation de projets immobiliers de qualit\u00e9 qui r\u00e9pondent aux aspirations de nos clients et s&rsquo;int\u00e8grent harmonieusement dans leur environnement pour cr\u00e9er la ville de demain.<\/p><p data-sourcepos=\"7:1-7:38\"><em>Matthieu Moreau, fondateur<\/em><\/p>\t\t\t\t\t\t\t\t<\/div>\n\t\t\t\t<\/div>\n\t\t\t\t\t<\/div>\n\t\t<\/div>\n\t\t\t\t\t<\/div>\n\t\t<\/section>\n\t\t\t\t<section class=\"elementor-section elementor-top-section elementor-element elementor-element-0606877 elementor-section-boxed elementor-section-height-default elementor-section-height-default\" data-id=\"0606877\" data-element_type=\"section\" data-e-type=\"section\">\n\t\t\t\t\t\t<div class=\"elementor-container elementor-column-gap-default\">\n\t\t\t\t\t<div class=\"elementor-column elementor-col-50 elementor-top-column elementor-element elementor-element-e2d0f73\" data-id=\"e2d0f73\" data-element_type=\"column\" data-e-type=\"column\">\n\t\t\t<div class=\"elementor-widget-wrap elementor-element-populated\">\n\t\t\t\t\t\t<div class=\"elementor-element elementor-element-893fc53 elementor-widget elementor-widget-text-editor\" data-id=\"893fc53\" data-element_type=\"widget\" data-e-type=\"widget\" data-widget_type=\"text-editor.default\">\n\t\t\t\t<div class=\"elementor-widget-container\">\n\t\t\t\t\t\t\t\t\t<p>COVAPROM, adh\u00e9rente du P\u00f4le Habitat de la FEDERATION FRANCAISE DU BATIMENT<\/p>\t\t\t\t\t\t\t\t<\/div>\n\t\t\t\t<\/div>\n\t\t\t\t<div class=\"elementor-element elementor-element-0728e1d elementor-widget__width-initial elementor-widget elementor-widget-image\" data-id=\"0728e1d\" data-element_type=\"widget\" data-e-type=\"widget\" data-widget_type=\"image.default\">\n\t\t\t\t<div class=\"elementor-widget-container\">\n\t\t\t\t\t\t\t\t\t\t\t\t\t\t\t\t<a href=\"https:\/\/www.polehabitat-ffb.com\/\">\n\t\t\t\t\t\t\t<img decoding=\"async\" width=\"560\" height=\"248\" src=\"https:\/\/www.covaprom.fr\/wp-content\/uploads\/2023\/09\/logo-pole-habitat-ffb-footer.png\" class=\"attachment-large size-large wp-image-713\" alt=\"\" srcset=\"https:\/\/www.covaprom.fr\/wp-content\/uploads\/2023\/09\/logo-pole-habitat-ffb-footer.png 560w, https:\/\/www.covaprom.fr\/wp-content\/uploads\/2023\/09\/logo-pole-habitat-ffb-footer-300x133.png 300w\" sizes=\"(max-width: 560px) 100vw, 560px\" \/>\t\t\t\t\t\t\t\t<\/a>\n\t\t\t\t\t\t\t\t\t\t\t\t\t\t\t<\/div>\n\t\t\t\t<\/div>\n\t\t\t\t\t<\/div>\n\t\t<\/div>\n\t\t\t\t<div class=\"elementor-column elementor-col-50 elementor-top-column elementor-element elementor-element-743fdea\" data-id=\"743fdea\" data-element_type=\"column\" data-e-type=\"column\">\n\t\t\t<div class=\"elementor-widget-wrap elementor-element-populated\">\n\t\t\t\t\t\t<div class=\"elementor-element elementor-element-e23a9e0 elementor-widget__width-initial elementor-widget elementor-widget-image\" data-id=\"e23a9e0\" data-element_type=\"widget\" data-e-type=\"widget\" data-widget_type=\"image.default\">\n\t\t\t\t<div class=\"elementor-widget-container\">\n\t\t\t\t\t\t\t\t\t\t\t\t\t\t\t\t<a href=\"https:\/\/www.smabtp.fr\/sma\/assurance\/\">\n\t\t\t\t\t\t\t<img decoding=\"async\" width=\"1024\" height=\"658\" src=\"https:\/\/www.covaprom.fr\/wp-content\/uploads\/2023\/09\/SMABTP_Apres-1-1024x658.png\" class=\"attachment-large size-large wp-image-730\" alt=\"\" srcset=\"https:\/\/www.covaprom.fr\/wp-content\/uploads\/2023\/09\/SMABTP_Apres-1-1024x658.png 1024w, https:\/\/www.covaprom.fr\/wp-content\/uploads\/2023\/09\/SMABTP_Apres-1-300x193.png 300w, https:\/\/www.covaprom.fr\/wp-content\/uploads\/2023\/09\/SMABTP_Apres-1-768x494.png 768w, https:\/\/www.covaprom.fr\/wp-content\/uploads\/2023\/09\/SMABTP_Apres-1-1536x988.png 1536w, https:\/\/www.covaprom.fr\/wp-content\/uploads\/2023\/09\/SMABTP_Apres-1.png 1678w\" sizes=\"(max-width: 1024px) 100vw, 1024px\" \/>\t\t\t\t\t\t\t\t<\/a>\n\t\t\t\t\t\t\t\t\t\t\t\t\t\t\t<\/div>\n\t\t\t\t<\/div>\n\t\t\t\t\t<\/div>\n\t\t<\/div>\n\t\t\t\t\t<\/div>\n\t\t<\/section>\n\t\t\t\t<section class=\"elementor-section elementor-top-section elementor-element elementor-element-90119dd elementor-section-boxed elementor-section-height-default elementor-section-height-default\" data-id=\"90119dd\" data-element_type=\"section\" data-e-type=\"section\">\n\t\t\t\t\t\t<div class=\"elementor-container elementor-column-gap-default\">\n\t\t\t\t\t<div class=\"elementor-column elementor-col-100 elementor-top-column elementor-element elementor-element-0dc6193\" data-id=\"0dc6193\" data-element_type=\"column\" data-e-type=\"column\">\n\t\t\t<div class=\"elementor-widget-wrap elementor-element-populated\">\n\t\t\t\t\t\t<div class=\"elementor-element elementor-element-14f6c62 elementor-widget elementor-widget-spacer\" data-id=\"14f6c62\" data-element_type=\"widget\" data-e-type=\"widget\" data-widget_type=\"spacer.default\">\n\t\t\t\t<div class=\"elementor-widget-container\">\n\t\t\t\t\t\t\t<div class=\"elementor-spacer\">\n\t\t\t<div class=\"elementor-spacer-inner\"><\/div>\n\t\t<\/div>\n\t\t\t\t\t\t<\/div>\n\t\t\t\t<\/div>\n\t\t\t\t\t<\/div>\n\t\t<\/div>\n\t\t\t\t\t<\/div>\n\t\t<\/section>\n\t\t\t\t<\/div>\n\t\t","protected":false},"excerpt":{"rendered":"<p>Notre ADN \u00ab\u00a0L&rsquo;art de b\u00e2tir un cadre de vie durable, \u00e9thique et responsable avec exigence\u00a0\u00bb Covaprom se distingue par une approche r\u00e9solument qualitative, privil\u00e9giant l&rsquo;excellence \u00e0 la quantit\u00e9. Notre s\u00e9lection rigoureuse d&#8217;emplacements et notre engagement sans compromis se traduisent par des r\u00e9alisations uniques, con\u00e7ues comme si nous les destinions \u00e0 notre propre usage. Nos atouts [&hellip;]<\/p>\n","protected":false},"author":2,"featured_media":0,"parent":0,"menu_order":0,"comment_status":"closed","ping_status":"closed","template":"","meta":{"footnotes":""},"class_list":["post-190","page","type-page","status-publish","hentry","entry"],"aioseo_notices":[],"yoast_head":"<!-- This site is optimized with the Yoast SEO plugin v27.5 - https:\/\/yoast.com\/product\/yoast-seo-wordpress\/ -->\n<title>La soci\u00e9t\u00e9 Covaprom - COVAPROM<\/title>\n<meta name=\"robots\" content=\"index, follow, max-snippet:-1, max-image-preview:large, max-video-preview:-1\" \/>\n<link rel=\"canonical\" href=\"https:\/\/www.covaprom.fr\/?page_id=190\" \/>\n<meta property=\"og:locale\" content=\"fr_FR\" \/>\n<meta property=\"og:type\" content=\"article\" \/>\n<meta property=\"og:title\" content=\"La soci\u00e9t\u00e9 Covaprom - COVAPROM\" \/>\n<meta property=\"og:description\" content=\"Notre ADN \u00ab\u00a0L&rsquo;art de b\u00e2tir un cadre de vie durable, \u00e9thique et responsable avec exigence\u00a0\u00bb Covaprom se distingue par une approche r\u00e9solument qualitative, privil\u00e9giant l&rsquo;excellence \u00e0 la quantit\u00e9. Notre s\u00e9lection rigoureuse d&#8217;emplacements et notre engagement sans compromis se traduisent par des r\u00e9alisations uniques, con\u00e7ues comme si nous les destinions \u00e0 notre propre usage. Nos atouts [&hellip;]\" \/>\n<meta property=\"og:url\" content=\"https:\/\/www.covaprom.fr\/?page_id=190\" \/>\n<meta property=\"og:site_name\" content=\"COVAPROM\" \/>\n<meta property=\"article:modified_time\" content=\"2025-11-26T18:09:28+00:00\" \/>\n<meta property=\"og:image\" content=\"https:\/\/www.covaprom.fr\/wp-content\/uploads\/2025\/01\/27-scaled.jpg\" \/>\n\t<meta property=\"og:image:width\" content=\"1707\" \/>\n\t<meta property=\"og:image:height\" content=\"2560\" \/>\n\t<meta property=\"og:image:type\" content=\"image\/jpeg\" \/>\n<meta name=\"twitter:card\" content=\"summary_large_image\" \/>\n<meta name=\"twitter:label1\" content=\"Dur\u00e9e de lecture estim\u00e9e\" \/>\n\t<meta name=\"twitter:data1\" content=\"4 minutes\" \/>\n<script type=\"application\/ld+json\" class=\"yoast-schema-graph\">{\"@context\":\"https:\\\/\\\/schema.org\",\"@graph\":[{\"@type\":\"WebPage\",\"@id\":\"https:\\\/\\\/www.covaprom.fr\\\/?page_id=190\",\"url\":\"https:\\\/\\\/www.covaprom.fr\\\/?page_id=190\",\"name\":\"La soci\u00e9t\u00e9 Covaprom - COVAPROM\",\"isPartOf\":{\"@id\":\"https:\\\/\\\/www.covaprom.fr\\\/#website\"},\"primaryImageOfPage\":{\"@id\":\"https:\\\/\\\/www.covaprom.fr\\\/?page_id=190#primaryimage\"},\"image\":{\"@id\":\"https:\\\/\\\/www.covaprom.fr\\\/?page_id=190#primaryimage\"},\"thumbnailUrl\":\"https:\\\/\\\/www.covaprom.fr\\\/wp-content\\\/uploads\\\/2025\\\/01\\\/27-683x1024.jpg\",\"datePublished\":\"2022-02-16T17:03:50+00:00\",\"dateModified\":\"2025-11-26T18:09:28+00:00\",\"breadcrumb\":{\"@id\":\"https:\\\/\\\/www.covaprom.fr\\\/?page_id=190#breadcrumb\"},\"inLanguage\":\"fr-FR\",\"potentialAction\":[{\"@type\":\"ReadAction\",\"target\":[\"https:\\\/\\\/www.covaprom.fr\\\/?page_id=190\"]}]},{\"@type\":\"ImageObject\",\"inLanguage\":\"fr-FR\",\"@id\":\"https:\\\/\\\/www.covaprom.fr\\\/?page_id=190#primaryimage\",\"url\":\"https:\\\/\\\/www.covaprom.fr\\\/wp-content\\\/uploads\\\/2025\\\/01\\\/27-scaled.jpg\",\"contentUrl\":\"https:\\\/\\\/www.covaprom.fr\\\/wp-content\\\/uploads\\\/2025\\\/01\\\/27-scaled.jpg\",\"width\":1707,\"height\":2560},{\"@type\":\"BreadcrumbList\",\"@id\":\"https:\\\/\\\/www.covaprom.fr\\\/?page_id=190#breadcrumb\",\"itemListElement\":[{\"@type\":\"ListItem\",\"position\":1,\"name\":\"Home\",\"item\":\"https:\\\/\\\/www.covaprom.fr\\\/\"},{\"@type\":\"ListItem\",\"position\":2,\"name\":\"La soci\u00e9t\u00e9 Covaprom\"}]},{\"@type\":\"WebSite\",\"@id\":\"https:\\\/\\\/www.covaprom.fr\\\/#website\",\"url\":\"https:\\\/\\\/www.covaprom.fr\\\/\",\"name\":\"COVAPROM\",\"description\":\"Promoteur constructeur de logements neufs\",\"publisher\":{\"@id\":\"https:\\\/\\\/www.covaprom.fr\\\/#organization\"},\"potentialAction\":[{\"@type\":\"SearchAction\",\"target\":{\"@type\":\"EntryPoint\",\"urlTemplate\":\"https:\\\/\\\/www.covaprom.fr\\\/?s={search_term_string}\"},\"query-input\":{\"@type\":\"PropertyValueSpecification\",\"valueRequired\":true,\"valueName\":\"search_term_string\"}}],\"inLanguage\":\"fr-FR\"},{\"@type\":\"Organization\",\"@id\":\"https:\\\/\\\/www.covaprom.fr\\\/#organization\",\"name\":\"COVAPROM\",\"url\":\"https:\\\/\\\/www.covaprom.fr\\\/\",\"logo\":{\"@type\":\"ImageObject\",\"inLanguage\":\"fr-FR\",\"@id\":\"https:\\\/\\\/www.covaprom.fr\\\/#\\\/schema\\\/logo\\\/image\\\/\",\"url\":\"https:\\\/\\\/www.covaprom.fr\\\/wp-content\\\/uploads\\\/2022\\\/07\\\/cropped-Capture-de\u0301cran-2021-09-20-a\u0300-16.31.11.png\",\"contentUrl\":\"https:\\\/\\\/www.covaprom.fr\\\/wp-content\\\/uploads\\\/2022\\\/07\\\/cropped-Capture-de\u0301cran-2021-09-20-a\u0300-16.31.11.png\",\"width\":454,\"height\":454,\"caption\":\"COVAPROM\"},\"image\":{\"@id\":\"https:\\\/\\\/www.covaprom.fr\\\/#\\\/schema\\\/logo\\\/image\\\/\"}}]}<\/script>\n<!-- \/ Yoast SEO plugin. -->","yoast_head_json":{"title":"La soci\u00e9t\u00e9 Covaprom - COVAPROM","robots":{"index":"index","follow":"follow","max-snippet":"max-snippet:-1","max-image-preview":"max-image-preview:large","max-video-preview":"max-video-preview:-1"},"canonical":"https:\/\/www.covaprom.fr\/?page_id=190","og_locale":"fr_FR","og_type":"article","og_title":"La soci\u00e9t\u00e9 Covaprom - COVAPROM","og_description":"Notre ADN \u00ab\u00a0L&rsquo;art de b\u00e2tir un cadre de vie durable, \u00e9thique et responsable avec exigence\u00a0\u00bb Covaprom se distingue par une approche r\u00e9solument qualitative, privil\u00e9giant l&rsquo;excellence \u00e0 la quantit\u00e9. Notre s\u00e9lection rigoureuse d&#8217;emplacements et notre engagement sans compromis se traduisent par des r\u00e9alisations uniques, con\u00e7ues comme si nous les destinions \u00e0 notre propre usage. Nos atouts [&hellip;]","og_url":"https:\/\/www.covaprom.fr\/?page_id=190","og_site_name":"COVAPROM","article_modified_time":"2025-11-26T18:09:28+00:00","og_image":[{"width":1707,"height":2560,"url":"https:\/\/www.covaprom.fr\/wp-content\/uploads\/2025\/01\/27-scaled.jpg","type":"image\/jpeg"}],"twitter_card":"summary_large_image","twitter_misc":{"Dur\u00e9e de lecture estim\u00e9e":"4 minutes"},"schema":{"@context":"https:\/\/schema.org","@graph":[{"@type":"WebPage","@id":"https:\/\/www.covaprom.fr\/?page_id=190","url":"https:\/\/www.covaprom.fr\/?page_id=190","name":"La soci\u00e9t\u00e9 Covaprom - COVAPROM","isPartOf":{"@id":"https:\/\/www.covaprom.fr\/#website"},"primaryImageOfPage":{"@id":"https:\/\/www.covaprom.fr\/?page_id=190#primaryimage"},"image":{"@id":"https:\/\/www.covaprom.fr\/?page_id=190#primaryimage"},"thumbnailUrl":"https:\/\/www.covaprom.fr\/wp-content\/uploads\/2025\/01\/27-683x1024.jpg","datePublished":"2022-02-16T17:03:50+00:00","dateModified":"2025-11-26T18:09:28+00:00","breadcrumb":{"@id":"https:\/\/www.covaprom.fr\/?page_id=190#breadcrumb"},"inLanguage":"fr-FR","potentialAction":[{"@type":"ReadAction","target":["https:\/\/www.covaprom.fr\/?page_id=190"]}]},{"@type":"ImageObject","inLanguage":"fr-FR","@id":"https:\/\/www.covaprom.fr\/?page_id=190#primaryimage","url":"https:\/\/www.covaprom.fr\/wp-content\/uploads\/2025\/01\/27-scaled.jpg","contentUrl":"https:\/\/www.covaprom.fr\/wp-content\/uploads\/2025\/01\/27-scaled.jpg","width":1707,"height":2560},{"@type":"BreadcrumbList","@id":"https:\/\/www.covaprom.fr\/?page_id=190#breadcrumb","itemListElement":[{"@type":"ListItem","position":1,"name":"Home","item":"https:\/\/www.covaprom.fr\/"},{"@type":"ListItem","position":2,"name":"La soci\u00e9t\u00e9 Covaprom"}]},{"@type":"WebSite","@id":"https:\/\/www.covaprom.fr\/#website","url":"https:\/\/www.covaprom.fr\/","name":"COVAPROM","description":"Promoteur constructeur de logements neufs","publisher":{"@id":"https:\/\/www.covaprom.fr\/#organization"},"potentialAction":[{"@type":"SearchAction","target":{"@type":"EntryPoint","urlTemplate":"https:\/\/www.covaprom.fr\/?s={search_term_string}"},"query-input":{"@type":"PropertyValueSpecification","valueRequired":true,"valueName":"search_term_string"}}],"inLanguage":"fr-FR"},{"@type":"Organization","@id":"https:\/\/www.covaprom.fr\/#organization","name":"COVAPROM","url":"https:\/\/www.covaprom.fr\/","logo":{"@type":"ImageObject","inLanguage":"fr-FR","@id":"https:\/\/www.covaprom.fr\/#\/schema\/logo\/image\/","url":"https:\/\/www.covaprom.fr\/wp-content\/uploads\/2022\/07\/cropped-Capture-de\u0301cran-2021-09-20-a\u0300-16.31.11.png","contentUrl":"https:\/\/www.covaprom.fr\/wp-content\/uploads\/2022\/07\/cropped-Capture-de\u0301cran-2021-09-20-a\u0300-16.31.11.png","width":454,"height":454,"caption":"COVAPROM"},"image":{"@id":"https:\/\/www.covaprom.fr\/#\/schema\/logo\/image\/"}}]}},"_links":{"self":[{"href":"https:\/\/www.covaprom.fr\/index.php?rest_route=\/wp\/v2\/pages\/190","targetHints":{"allow":["GET"]}}],"collection":[{"href":"https:\/\/www.covaprom.fr\/index.php?rest_route=\/wp\/v2\/pages"}],"about":[{"href":"https:\/\/www.covaprom.fr\/index.php?rest_route=\/wp\/v2\/types\/page"}],"author":[{"embeddable":true,"href":"https:\/\/www.covaprom.fr\/index.php?rest_route=\/wp\/v2\/users\/2"}],"replies":[{"embeddable":true,"href":"https:\/\/www.covaprom.fr\/index.php?rest_route=%2Fwp%2Fv2%2Fcomments&post=190"}],"version-history":[{"count":219,"href":"https:\/\/www.covaprom.fr\/index.php?rest_route=\/wp\/v2\/pages\/190\/revisions"}],"predecessor-version":[{"id":1199,"href":"https:\/\/www.covaprom.fr\/index.php?rest_route=\/wp\/v2\/pages\/190\/revisions\/1199"}],"wp:attachment":[{"href":"https:\/\/www.covaprom.fr\/index.php?rest_route=%2Fwp%2Fv2%2Fmedia&parent=190"}],"curies":[{"name":"wp","href":"https:\/\/api.w.org\/{rel}","templated":true}]}}