{"id":23,"date":"2022-02-06T18:32:21","date_gmt":"2022-02-06T17:32:21","guid":{"rendered":"https:\/\/newrmtz.cluster031.hosting.ovh.net\/?page_id=23"},"modified":"2026-03-27T19:29:53","modified_gmt":"2026-03-27T18:29:53","slug":"operations-en-projet","status":"publish","type":"page","link":"https:\/\/www.covaprom.fr\/?page_id=23","title":{"rendered":"En projet"},"content":{"rendered":"\t\t<div data-elementor-type=\"wp-page\" data-elementor-id=\"23\" class=\"elementor elementor-23\">\n\t\t\t\t\t\t<section class=\"elementor-section elementor-top-section elementor-element elementor-element-8db4169 elementor-section-boxed elementor-section-height-default elementor-section-height-default\" data-id=\"8db4169\" data-element_type=\"section\" data-e-type=\"section\">\n\t\t\t\t\t\t<div class=\"elementor-container elementor-column-gap-default\">\n\t\t\t\t\t<div class=\"elementor-column elementor-col-100 elementor-top-column elementor-element elementor-element-2b16fd8\" data-id=\"2b16fd8\" data-element_type=\"column\" data-e-type=\"column\">\n\t\t\t<div class=\"elementor-widget-wrap elementor-element-populated\">\n\t\t\t\t\t\t<div class=\"elementor-element elementor-element-1bc3f0f elementor-widget elementor-widget-text-editor\" data-id=\"1bc3f0f\" data-element_type=\"widget\" data-e-type=\"widget\" data-widget_type=\"text-editor.default\">\n\t\t\t\t<div class=\"elementor-widget-container\">\n\t\t\t\t\t\t\t\t\t<p style=\"text-align: center;\"><strong><span style=\"color: #000000;\">SURESNES (92), 25 appartements avec vues sur Paris et la canop\u00e9e du Bois de Boulogne<\/span><\/strong><\/p>\t\t\t\t\t\t\t\t<\/div>\n\t\t\t\t<\/div>\n\t\t\t\t\t<\/div>\n\t\t<\/div>\n\t\t\t\t\t<\/div>\n\t\t<\/section>\n\t\t\t\t<section class=\"elementor-section elementor-top-section elementor-element elementor-element-04f61cf elementor-section-boxed elementor-section-height-default elementor-section-height-default\" data-id=\"04f61cf\" data-element_type=\"section\" data-e-type=\"section\">\n\t\t\t\t\t\t<div class=\"elementor-container elementor-column-gap-default\">\n\t\t\t\t\t<div class=\"elementor-column elementor-col-100 elementor-top-column elementor-element elementor-element-5b74918\" data-id=\"5b74918\" data-element_type=\"column\" data-e-type=\"column\">\n\t\t\t<div class=\"elementor-widget-wrap elementor-element-populated\">\n\t\t\t\t\t\t<div class=\"elementor-element elementor-element-dfd495c elementor-widget elementor-widget-image\" data-id=\"dfd495c\" data-element_type=\"widget\" data-e-type=\"widget\" data-widget_type=\"image.default\">\n\t\t\t\t<div class=\"elementor-widget-container\">\n\t\t\t\t\t\t\t\t\t\t\t\t\t\t\t<img fetchpriority=\"high\" decoding=\"async\" width=\"519\" height=\"661\" src=\"https:\/\/www.covaprom.fr\/wp-content\/uploads\/2026\/03\/Facades-Est.jpg\" class=\"attachment-large size-large wp-image-1334\" alt=\"\" srcset=\"https:\/\/www.covaprom.fr\/wp-content\/uploads\/2026\/03\/Facades-Est.jpg 519w, https:\/\/www.covaprom.fr\/wp-content\/uploads\/2026\/03\/Facades-Est-236x300.jpg 236w\" sizes=\"(max-width: 519px) 100vw, 519px\" \/>\t\t\t\t\t\t\t\t\t\t\t\t\t\t\t<\/div>\n\t\t\t\t<\/div>\n\t\t\t\t\t<\/div>\n\t\t<\/div>\n\t\t\t\t\t<\/div>\n\t\t<\/section>\n\t\t\t\t<section class=\"elementor-section elementor-top-section elementor-element elementor-element-cce9b24 elementor-section-boxed elementor-section-height-default elementor-section-height-default\" data-id=\"cce9b24\" data-element_type=\"section\" data-e-type=\"section\">\n\t\t\t\t\t\t<div class=\"elementor-container elementor-column-gap-default\">\n\t\t\t\t\t<div class=\"elementor-column elementor-col-100 elementor-top-column elementor-element elementor-element-e6cbd84\" data-id=\"e6cbd84\" data-element_type=\"column\" data-e-type=\"column\">\n\t\t\t<div class=\"elementor-widget-wrap\">\n\t\t\t\t\t\t\t<\/div>\n\t\t<\/div>\n\t\t\t\t\t<\/div>\n\t\t<\/section>\n\t\t\t\t<section class=\"elementor-section elementor-top-section elementor-element elementor-element-33f8ab2 elementor-section-boxed elementor-section-height-default elementor-section-height-default\" data-id=\"33f8ab2\" data-element_type=\"section\" data-e-type=\"section\">\n\t\t\t\t\t\t<div class=\"elementor-container elementor-column-gap-default\">\n\t\t\t\t\t<div class=\"elementor-column elementor-col-100 elementor-top-column elementor-element elementor-element-93c91ac\" data-id=\"93c91ac\" data-element_type=\"column\" data-e-type=\"column\">\n\t\t\t<div class=\"elementor-widget-wrap elementor-element-populated\">\n\t\t\t\t\t\t<div class=\"elementor-element elementor-element-683acb0 elementor-widget elementor-widget-text-editor\" data-id=\"683acb0\" data-element_type=\"widget\" data-e-type=\"widget\" data-widget_type=\"text-editor.default\">\n\t\t\t\t<div class=\"elementor-widget-container\">\n\t\t\t\t\t\t\t\t\t<h5 id=\"prochainement-14-appartements-a-500-metres-de-la-gare-issy-du-grand-paris\" style=\"text-align: center;\">PARIS XX\u00e8me, \u00e0 d\u00e9couvrir prochainement, une petite r\u00e9sidence dans un environnement calme.<\/h5>\n<p><!-- \/wp:heading --><\/p>\t\t\t\t\t\t\t\t<\/div>\n\t\t\t\t<\/div>\n\t\t\t\t\t<\/div>\n\t\t<\/div>\n\t\t\t\t\t<\/div>\n\t\t<\/section>\n\t\t\t\t<section class=\"elementor-section elementor-top-section elementor-element elementor-element-c26a3ab elementor-section-boxed elementor-section-height-default elementor-section-height-default\" data-id=\"c26a3ab\" data-element_type=\"section\" data-e-type=\"section\">\n\t\t\t\t\t\t<div class=\"elementor-container elementor-column-gap-default\">\n\t\t\t\t\t<div class=\"elementor-column elementor-col-100 elementor-top-column elementor-element elementor-element-4dd3562\" data-id=\"4dd3562\" data-element_type=\"column\" data-e-type=\"column\">\n\t\t\t<div class=\"elementor-widget-wrap elementor-element-populated\">\n\t\t\t\t\t\t<div class=\"elementor-element elementor-element-5d91b07 elementor-widget elementor-widget-image\" data-id=\"5d91b07\" data-element_type=\"widget\" data-e-type=\"widget\" data-widget_type=\"image.default\">\n\t\t\t\t<div class=\"elementor-widget-container\">\n\t\t\t\t\t\t\t\t\t\t\t\t\t\t\t<img decoding=\"async\" width=\"1024\" height=\"576\" src=\"https:\/\/www.covaprom.fr\/wp-content\/uploads\/2023\/06\/Paris-1024x576.jpg\" class=\"attachment-large size-large wp-image-676\" alt=\"\" srcset=\"https:\/\/www.covaprom.fr\/wp-content\/uploads\/2023\/06\/Paris-1024x576.jpg 1024w, https:\/\/www.covaprom.fr\/wp-content\/uploads\/2023\/06\/Paris-300x169.jpg 300w, https:\/\/www.covaprom.fr\/wp-content\/uploads\/2023\/06\/Paris-768x432.jpg 768w, https:\/\/www.covaprom.fr\/wp-content\/uploads\/2023\/06\/Paris-1536x864.jpg 1536w, https:\/\/www.covaprom.fr\/wp-content\/uploads\/2023\/06\/Paris-2048x1152.jpg 2048w, https:\/\/www.covaprom.fr\/wp-content\/uploads\/2023\/06\/Paris-800x450.jpg 800w\" sizes=\"(max-width: 1024px) 100vw, 1024px\" \/>\t\t\t\t\t\t\t\t\t\t\t\t\t\t\t<\/div>\n\t\t\t\t<\/div>\n\t\t\t\t\t<\/div>\n\t\t<\/div>\n\t\t\t\t\t<\/div>\n\t\t<\/section>\n\t\t\t\t<\/div>\n\t\t","protected":false},"excerpt":{"rendered":"<p>SURESNES (92), 25 appartements avec vues sur Paris et la canop\u00e9e du Bois de Boulogne PARIS XX\u00e8me, \u00e0 d\u00e9couvrir prochainement, une petite r\u00e9sidence dans un environnement calme.<\/p>\n","protected":false},"author":2,"featured_media":0,"parent":0,"menu_order":0,"comment_status":"closed","ping_status":"closed","template":"","meta":{"footnotes":""},"class_list":["post-23","page","type-page","status-publish","hentry","entry"],"aioseo_notices":[],"yoast_head":"<!-- This site is optimized with the Yoast SEO plugin v27.5 - https:\/\/yoast.com\/product\/yoast-seo-wordpress\/ -->\n<title>En projet - COVAPROM<\/title>\n<meta name=\"description\" content=\"Appartements neufs en projet \u00e0 Suresnes avec vues sur le Paris et le Bois de Boulogne\" \/>\n<meta name=\"robots\" content=\"index, follow, max-snippet:-1, max-image-preview:large, max-video-preview:-1\" \/>\n<link rel=\"canonical\" href=\"https:\/\/www.covaprom.fr\/?page_id=23\" \/>\n<meta property=\"og:locale\" content=\"fr_FR\" \/>\n<meta property=\"og:type\" content=\"article\" \/>\n<meta property=\"og:title\" content=\"En projet - COVAPROM\" \/>\n<meta property=\"og:description\" content=\"Appartements neufs en projet \u00e0 Suresnes avec vues sur le Paris et le Bois de Boulogne\" \/>\n<meta property=\"og:url\" content=\"https:\/\/www.covaprom.fr\/?page_id=23\" \/>\n<meta property=\"og:site_name\" content=\"COVAPROM\" \/>\n<meta property=\"article:modified_time\" content=\"2026-03-27T18:29:53+00:00\" \/>\n<meta property=\"og:image\" content=\"https:\/\/www.covaprom.fr\/wp-content\/uploads\/2026\/03\/Facades-Est.jpg\" \/>\n<meta name=\"twitter:card\" content=\"summary_large_image\" \/>\n<meta name=\"twitter:label1\" content=\"Dur\u00e9e de lecture estim\u00e9e\" \/>\n\t<meta name=\"twitter:data1\" content=\"1 minute\" \/>\n<script type=\"application\/ld+json\" class=\"yoast-schema-graph\">{\"@context\":\"https:\\\/\\\/schema.org\",\"@graph\":[{\"@type\":\"WebPage\",\"@id\":\"https:\\\/\\\/www.covaprom.fr\\\/?page_id=23\",\"url\":\"https:\\\/\\\/www.covaprom.fr\\\/?page_id=23\",\"name\":\"En projet - COVAPROM\",\"isPartOf\":{\"@id\":\"https:\\\/\\\/www.covaprom.fr\\\/#website\"},\"primaryImageOfPage\":{\"@id\":\"https:\\\/\\\/www.covaprom.fr\\\/?page_id=23#primaryimage\"},\"image\":{\"@id\":\"https:\\\/\\\/www.covaprom.fr\\\/?page_id=23#primaryimage\"},\"thumbnailUrl\":\"https:\\\/\\\/www.covaprom.fr\\\/wp-content\\\/uploads\\\/2026\\\/03\\\/Facades-Est.jpg\",\"datePublished\":\"2022-02-06T17:32:21+00:00\",\"dateModified\":\"2026-03-27T18:29:53+00:00\",\"description\":\"Appartements neufs en projet \u00e0 Suresnes avec vues sur le Paris et le Bois de Boulogne\",\"breadcrumb\":{\"@id\":\"https:\\\/\\\/www.covaprom.fr\\\/?page_id=23#breadcrumb\"},\"inLanguage\":\"fr-FR\",\"potentialAction\":[{\"@type\":\"ReadAction\",\"target\":[\"https:\\\/\\\/www.covaprom.fr\\\/?page_id=23\"]}]},{\"@type\":\"ImageObject\",\"inLanguage\":\"fr-FR\",\"@id\":\"https:\\\/\\\/www.covaprom.fr\\\/?page_id=23#primaryimage\",\"url\":\"https:\\\/\\\/www.covaprom.fr\\\/wp-content\\\/uploads\\\/2026\\\/03\\\/Facades-Est.jpg\",\"contentUrl\":\"https:\\\/\\\/www.covaprom.fr\\\/wp-content\\\/uploads\\\/2026\\\/03\\\/Facades-Est.jpg\",\"width\":519,\"height\":661},{\"@type\":\"BreadcrumbList\",\"@id\":\"https:\\\/\\\/www.covaprom.fr\\\/?page_id=23#breadcrumb\",\"itemListElement\":[{\"@type\":\"ListItem\",\"position\":1,\"name\":\"Home\",\"item\":\"https:\\\/\\\/www.covaprom.fr\\\/\"},{\"@type\":\"ListItem\",\"position\":2,\"name\":\"En projet\"}]},{\"@type\":\"WebSite\",\"@id\":\"https:\\\/\\\/www.covaprom.fr\\\/#website\",\"url\":\"https:\\\/\\\/www.covaprom.fr\\\/\",\"name\":\"COVAPROM\",\"description\":\"Promoteur constructeur de logements neufs\",\"publisher\":{\"@id\":\"https:\\\/\\\/www.covaprom.fr\\\/#organization\"},\"potentialAction\":[{\"@type\":\"SearchAction\",\"target\":{\"@type\":\"EntryPoint\",\"urlTemplate\":\"https:\\\/\\\/www.covaprom.fr\\\/?s={search_term_string}\"},\"query-input\":{\"@type\":\"PropertyValueSpecification\",\"valueRequired\":true,\"valueName\":\"search_term_string\"}}],\"inLanguage\":\"fr-FR\"},{\"@type\":\"Organization\",\"@id\":\"https:\\\/\\\/www.covaprom.fr\\\/#organization\",\"name\":\"COVAPROM\",\"url\":\"https:\\\/\\\/www.covaprom.fr\\\/\",\"logo\":{\"@type\":\"ImageObject\",\"inLanguage\":\"fr-FR\",\"@id\":\"https:\\\/\\\/www.covaprom.fr\\\/#\\\/schema\\\/logo\\\/image\\\/\",\"url\":\"https:\\\/\\\/www.covaprom.fr\\\/wp-content\\\/uploads\\\/2022\\\/07\\\/cropped-Capture-de\u0301cran-2021-09-20-a\u0300-16.31.11.png\",\"contentUrl\":\"https:\\\/\\\/www.covaprom.fr\\\/wp-content\\\/uploads\\\/2022\\\/07\\\/cropped-Capture-de\u0301cran-2021-09-20-a\u0300-16.31.11.png\",\"width\":454,\"height\":454,\"caption\":\"COVAPROM\"},\"image\":{\"@id\":\"https:\\\/\\\/www.covaprom.fr\\\/#\\\/schema\\\/logo\\\/image\\\/\"}}]}<\/script>\n<!-- \/ Yoast SEO plugin. -->","yoast_head_json":{"title":"En projet - COVAPROM","description":"Appartements neufs en projet \u00e0 Suresnes avec vues sur le Paris et le Bois de Boulogne","robots":{"index":"index","follow":"follow","max-snippet":"max-snippet:-1","max-image-preview":"max-image-preview:large","max-video-preview":"max-video-preview:-1"},"canonical":"https:\/\/www.covaprom.fr\/?page_id=23","og_locale":"fr_FR","og_type":"article","og_title":"En projet - COVAPROM","og_description":"Appartements neufs en projet \u00e0 Suresnes avec vues sur le Paris et le Bois de Boulogne","og_url":"https:\/\/www.covaprom.fr\/?page_id=23","og_site_name":"COVAPROM","article_modified_time":"2026-03-27T18:29:53+00:00","og_image":[{"url":"https:\/\/www.covaprom.fr\/wp-content\/uploads\/2026\/03\/Facades-Est.jpg","type":"","width":"","height":""}],"twitter_card":"summary_large_image","twitter_misc":{"Dur\u00e9e de lecture estim\u00e9e":"1 minute"},"schema":{"@context":"https:\/\/schema.org","@graph":[{"@type":"WebPage","@id":"https:\/\/www.covaprom.fr\/?page_id=23","url":"https:\/\/www.covaprom.fr\/?page_id=23","name":"En projet - COVAPROM","isPartOf":{"@id":"https:\/\/www.covaprom.fr\/#website"},"primaryImageOfPage":{"@id":"https:\/\/www.covaprom.fr\/?page_id=23#primaryimage"},"image":{"@id":"https:\/\/www.covaprom.fr\/?page_id=23#primaryimage"},"thumbnailUrl":"https:\/\/www.covaprom.fr\/wp-content\/uploads\/2026\/03\/Facades-Est.jpg","datePublished":"2022-02-06T17:32:21+00:00","dateModified":"2026-03-27T18:29:53+00:00","description":"Appartements neufs en projet \u00e0 Suresnes avec vues sur le Paris et le Bois de Boulogne","breadcrumb":{"@id":"https:\/\/www.covaprom.fr\/?page_id=23#breadcrumb"},"inLanguage":"fr-FR","potentialAction":[{"@type":"ReadAction","target":["https:\/\/www.covaprom.fr\/?page_id=23"]}]},{"@type":"ImageObject","inLanguage":"fr-FR","@id":"https:\/\/www.covaprom.fr\/?page_id=23#primaryimage","url":"https:\/\/www.covaprom.fr\/wp-content\/uploads\/2026\/03\/Facades-Est.jpg","contentUrl":"https:\/\/www.covaprom.fr\/wp-content\/uploads\/2026\/03\/Facades-Est.jpg","width":519,"height":661},{"@type":"BreadcrumbList","@id":"https:\/\/www.covaprom.fr\/?page_id=23#breadcrumb","itemListElement":[{"@type":"ListItem","position":1,"name":"Home","item":"https:\/\/www.covaprom.fr\/"},{"@type":"ListItem","position":2,"name":"En projet"}]},{"@type":"WebSite","@id":"https:\/\/www.covaprom.fr\/#website","url":"https:\/\/www.covaprom.fr\/","name":"COVAPROM","description":"Promoteur constructeur de logements neufs","publisher":{"@id":"https:\/\/www.covaprom.fr\/#organization"},"potentialAction":[{"@type":"SearchAction","target":{"@type":"EntryPoint","urlTemplate":"https:\/\/www.covaprom.fr\/?s={search_term_string}"},"query-input":{"@type":"PropertyValueSpecification","valueRequired":true,"valueName":"search_term_string"}}],"inLanguage":"fr-FR"},{"@type":"Organization","@id":"https:\/\/www.covaprom.fr\/#organization","name":"COVAPROM","url":"https:\/\/www.covaprom.fr\/","logo":{"@type":"ImageObject","inLanguage":"fr-FR","@id":"https:\/\/www.covaprom.fr\/#\/schema\/logo\/image\/","url":"https:\/\/www.covaprom.fr\/wp-content\/uploads\/2022\/07\/cropped-Capture-de\u0301cran-2021-09-20-a\u0300-16.31.11.png","contentUrl":"https:\/\/www.covaprom.fr\/wp-content\/uploads\/2022\/07\/cropped-Capture-de\u0301cran-2021-09-20-a\u0300-16.31.11.png","width":454,"height":454,"caption":"COVAPROM"},"image":{"@id":"https:\/\/www.covaprom.fr\/#\/schema\/logo\/image\/"}}]}},"_links":{"self":[{"href":"https:\/\/www.covaprom.fr\/index.php?rest_route=\/wp\/v2\/pages\/23","targetHints":{"allow":["GET"]}}],"collection":[{"href":"https:\/\/www.covaprom.fr\/index.php?rest_route=\/wp\/v2\/pages"}],"about":[{"href":"https:\/\/www.covaprom.fr\/index.php?rest_route=\/wp\/v2\/types\/page"}],"author":[{"embeddable":true,"href":"https:\/\/www.covaprom.fr\/index.php?rest_route=\/wp\/v2\/users\/2"}],"replies":[{"embeddable":true,"href":"https:\/\/www.covaprom.fr\/index.php?rest_route=%2Fwp%2Fv2%2Fcomments&post=23"}],"version-history":[{"count":72,"href":"https:\/\/www.covaprom.fr\/index.php?rest_route=\/wp\/v2\/pages\/23\/revisions"}],"predecessor-version":[{"id":1337,"href":"https:\/\/www.covaprom.fr\/index.php?rest_route=\/wp\/v2\/pages\/23\/revisions\/1337"}],"wp:attachment":[{"href":"https:\/\/www.covaprom.fr\/index.php?rest_route=%2Fwp%2Fv2%2Fmedia&parent=23"}],"curies":[{"name":"wp","href":"https:\/\/api.w.org\/{rel}","templated":true}]}}