{"id":92,"date":"2022-02-07T20:14:51","date_gmt":"2022-02-07T19:14:51","guid":{"rendered":"https:\/\/newrmtz.cluster031.hosting.ovh.net\/?page_id=92"},"modified":"2025-03-04T18:56:16","modified_gmt":"2025-03-04T17:56:16","slug":"proprietaires-de-terrains","status":"publish","type":"page","link":"https:\/\/www.covaprom.fr\/?page_id=92","title":{"rendered":"Vendre un terrain"},"content":{"rendered":"\t\t<div data-elementor-type=\"wp-page\" data-elementor-id=\"92\" class=\"elementor elementor-92\">\n\t\t\t\t\t\t<section class=\"elementor-section elementor-top-section elementor-element elementor-element-72faf28 elementor-section-boxed elementor-section-height-default elementor-section-height-default\" data-id=\"72faf28\" data-element_type=\"section\" data-e-type=\"section\">\n\t\t\t\t\t\t<div class=\"elementor-container elementor-column-gap-default\">\n\t\t\t\t\t<div class=\"elementor-column elementor-col-50 elementor-top-column elementor-element elementor-element-e15cbf2\" data-id=\"e15cbf2\" data-element_type=\"column\" data-e-type=\"column\">\n\t\t\t<div class=\"elementor-widget-wrap elementor-element-populated\">\n\t\t\t\t\t\t<div class=\"elementor-element elementor-element-d6a486b elementor-widget elementor-widget-image\" data-id=\"d6a486b\" data-element_type=\"widget\" data-e-type=\"widget\" data-widget_type=\"image.default\">\n\t\t\t\t<div class=\"elementor-widget-container\">\n\t\t\t\t\t\t\t\t\t\t\t\t\t\t\t<img fetchpriority=\"high\" decoding=\"async\" width=\"513\" height=\"528\" src=\"https:\/\/www.covaprom.fr\/wp-content\/uploads\/2023\/01\/Capture-decran-2023-01-24-103459.jpg\" class=\"attachment-large size-large wp-image-445\" alt=\"\" srcset=\"https:\/\/www.covaprom.fr\/wp-content\/uploads\/2023\/01\/Capture-decran-2023-01-24-103459.jpg 513w, https:\/\/www.covaprom.fr\/wp-content\/uploads\/2023\/01\/Capture-decran-2023-01-24-103459-291x300.jpg 291w\" sizes=\"(max-width: 513px) 100vw, 513px\" \/>\t\t\t\t\t\t\t\t\t\t\t\t\t\t\t<\/div>\n\t\t\t\t<\/div>\n\t\t\t\t\t<\/div>\n\t\t<\/div>\n\t\t\t\t<div class=\"elementor-column elementor-col-50 elementor-top-column elementor-element elementor-element-1e93615\" data-id=\"1e93615\" data-element_type=\"column\" data-e-type=\"column\">\n\t\t\t<div class=\"elementor-widget-wrap elementor-element-populated\">\n\t\t\t\t\t\t<div class=\"elementor-element elementor-element-c1204a4 elementor-widget elementor-widget-text-editor\" data-id=\"c1204a4\" data-element_type=\"widget\" data-e-type=\"widget\" data-widget_type=\"text-editor.default\">\n\t\t\t\t<div class=\"elementor-widget-container\">\n\t\t\t\t\t\t\t\t\t<p data-sourcepos=\"11:1-11:305\">Nous recherchons activement des terrains et des immeubles \u00e0 fort potentiel en \u00cele-de-France et en r\u00e9gion Centre.\u00a0<\/p><p data-sourcepos=\"13:1-13:72\"><strong>Pourquoi choisir Covaprom pour la valorisation de votre patrimoine ?<\/strong><\/p><ul data-sourcepos=\"15:1-19:0\"><li data-sourcepos=\"15:1-15:177\"><strong>Un interlocuteur unique et d\u00e9cideur :<\/strong> Vous b\u00e9n\u00e9ficiez d&rsquo;un accompagnement personnalis\u00e9 tout au long du processus, de l&rsquo;\u00e9tude de faisabilit\u00e9 \u00e0 la signature de l&rsquo;acte de vente. Pas de proposition soumise \u00e0 des comit\u00e9s d&rsquo;engagements?<\/li><li data-sourcepos=\"16:1-16:233\"><strong>Une expertise reconnue :<\/strong> Notre connaissance approfondie du march\u00e9 immobilier et notre savoir-faire en mati\u00e8re de promotion nous permettent de vous proposer des solutions sur mesure, adapt\u00e9es \u00e0 vos besoins et \u00e0 votre patrimoine.<\/li><li data-sourcepos=\"17:1-17:205\"><strong>Un partenariat de confiance :<\/strong> Nous privil\u00e9gions une relation de transparence et de collaboration \u00e9troite avec nos partenaires fonciers, afin de garantir une valorisation optimale de votre patrimoine.<\/li><\/ul><p data-sourcepos=\"20:1-20:260\">Si vous \u00eates propri\u00e9taire n&rsquo;h\u00e9sitez pas \u00e0 nous contacter pour une \u00e9tude personnalis\u00e9e et confidentiel. Nous recherchons :<\/p><ul><li data-sourcepos=\"20:1-20:260\">des terrains constructibles d&rsquo;une superficie minimum de 300 m\u00b2<\/li><li data-sourcepos=\"20:1-20:260\">des immeubles de bureaux pouvant \u00eatre r\u00e9nov\u00e9s en logements,<\/li><li data-sourcepos=\"20:1-20:260\">des grandes maisons\u00a0 sup\u00e9rieures \u00e0 300 m\u00b2 ou avec un grand terrain,<\/li><li data-sourcepos=\"20:1-20:260\">des locaux d&rsquo;activit\u00e9s en secteur r\u00e9sidentiel,<\/li><\/ul>\t\t\t\t\t\t\t\t<\/div>\n\t\t\t\t<\/div>\n\t\t\t\t\t<\/div>\n\t\t<\/div>\n\t\t\t\t\t<\/div>\n\t\t<\/section>\n\t\t\t\t<section class=\"elementor-section elementor-top-section elementor-element elementor-element-b458718 elementor-section-boxed elementor-section-height-default elementor-section-height-default\" data-id=\"b458718\" data-element_type=\"section\" data-e-type=\"section\">\n\t\t\t\t\t\t<div class=\"elementor-container elementor-column-gap-default\">\n\t\t\t\t\t<div class=\"elementor-column elementor-col-100 elementor-top-column elementor-element elementor-element-ec84f67\" data-id=\"ec84f67\" data-element_type=\"column\" data-e-type=\"column\">\n\t\t\t<div class=\"elementor-widget-wrap elementor-element-populated\">\n\t\t\t\t\t\t<div class=\"elementor-element elementor-element-0b5012c elementor-widget elementor-widget-text-editor\" data-id=\"0b5012c\" data-element_type=\"widget\" data-e-type=\"widget\" data-widget_type=\"text-editor.default\">\n\t\t\t\t<div class=\"elementor-widget-container\">\n\t\t\t\t\t\t\t\t\t<p><u>Comment est d\u00e9termin\u00e9 le prix d\u2019un terrain vendu \u00e0 un promoteur ? <\/u><\/p><p>Le prix d\u2019achat d\u2019un terrain par un promoteur d\u00e9pend de son <strong>emplacement<\/strong> et de la <strong>taille de l\u2019op\u00e9ration<\/strong> qu\u2019il est possible d\u2019y construire. Le nombre de m\u00e8tres carr\u00e9s constructibles est d\u00e9termin\u00e9 par les r\u00e8gles d\u2019urbanisme du Plan Local d\u2019Urbanisme de la commune. Ainsi un promoteur ach\u00e8te des droits \u00e0 construire.<\/p>\t\t\t\t\t\t\t\t<\/div>\n\t\t\t\t<\/div>\n\t\t\t\t\t<\/div>\n\t\t<\/div>\n\t\t\t\t\t<\/div>\n\t\t<\/section>\n\t\t\t\t<\/div>\n\t\t","protected":false},"excerpt":{"rendered":"<p>Nous recherchons activement des terrains et des immeubles \u00e0 fort potentiel en \u00cele-de-France et en r\u00e9gion Centre.\u00a0 Pourquoi choisir Covaprom pour la valorisation de votre patrimoine ? Un interlocuteur unique et d\u00e9cideur : Vous b\u00e9n\u00e9ficiez d&rsquo;un accompagnement personnalis\u00e9 tout au long du processus, de l&rsquo;\u00e9tude de faisabilit\u00e9 \u00e0 la signature de l&rsquo;acte de vente. Pas [&hellip;]<\/p>\n","protected":false},"author":2,"featured_media":0,"parent":0,"menu_order":0,"comment_status":"closed","ping_status":"closed","template":"","meta":{"footnotes":""},"class_list":["post-92","page","type-page","status-publish","hentry","entry"],"aioseo_notices":[],"yoast_head":"<!-- This site is optimized with the Yoast SEO plugin v27.5 - https:\/\/yoast.com\/product\/yoast-seo-wordpress\/ -->\n<title>Vendre un terrain - COVAPROM<\/title>\n<meta name=\"robots\" content=\"index, follow, max-snippet:-1, max-image-preview:large, max-video-preview:-1\" \/>\n<link rel=\"canonical\" href=\"https:\/\/www.covaprom.fr\/?page_id=92\" \/>\n<meta property=\"og:locale\" content=\"fr_FR\" \/>\n<meta property=\"og:type\" content=\"article\" \/>\n<meta property=\"og:title\" content=\"Vendre un terrain - COVAPROM\" \/>\n<meta property=\"og:description\" content=\"Nous recherchons activement des terrains et des immeubles \u00e0 fort potentiel en \u00cele-de-France et en r\u00e9gion Centre.\u00a0 Pourquoi choisir Covaprom pour la valorisation de votre patrimoine ? Un interlocuteur unique et d\u00e9cideur : Vous b\u00e9n\u00e9ficiez d&rsquo;un accompagnement personnalis\u00e9 tout au long du processus, de l&rsquo;\u00e9tude de faisabilit\u00e9 \u00e0 la signature de l&rsquo;acte de vente. Pas [&hellip;]\" \/>\n<meta property=\"og:url\" content=\"https:\/\/www.covaprom.fr\/?page_id=92\" \/>\n<meta property=\"og:site_name\" content=\"COVAPROM\" \/>\n<meta property=\"article:modified_time\" content=\"2025-03-04T17:56:16+00:00\" \/>\n<meta property=\"og:image\" content=\"https:\/\/www.covaprom.fr\/wp-content\/uploads\/2023\/01\/Capture-decran-2023-01-24-103459.jpg\" \/>\n\t<meta property=\"og:image:width\" content=\"513\" \/>\n\t<meta property=\"og:image:height\" content=\"528\" \/>\n\t<meta property=\"og:image:type\" content=\"image\/jpeg\" \/>\n<meta name=\"twitter:card\" content=\"summary_large_image\" \/>\n<meta name=\"twitter:label1\" content=\"Dur\u00e9e de lecture estim\u00e9e\" \/>\n\t<meta name=\"twitter:data1\" content=\"2 minutes\" \/>\n<script type=\"application\/ld+json\" class=\"yoast-schema-graph\">{\"@context\":\"https:\\\/\\\/schema.org\",\"@graph\":[{\"@type\":\"WebPage\",\"@id\":\"https:\\\/\\\/www.covaprom.fr\\\/?page_id=92\",\"url\":\"https:\\\/\\\/www.covaprom.fr\\\/?page_id=92\",\"name\":\"Vendre un terrain - COVAPROM\",\"isPartOf\":{\"@id\":\"https:\\\/\\\/www.covaprom.fr\\\/#website\"},\"primaryImageOfPage\":{\"@id\":\"https:\\\/\\\/www.covaprom.fr\\\/?page_id=92#primaryimage\"},\"image\":{\"@id\":\"https:\\\/\\\/www.covaprom.fr\\\/?page_id=92#primaryimage\"},\"thumbnailUrl\":\"https:\\\/\\\/www.covaprom.fr\\\/wp-content\\\/uploads\\\/2023\\\/01\\\/Capture-decran-2023-01-24-103459.jpg\",\"datePublished\":\"2022-02-07T19:14:51+00:00\",\"dateModified\":\"2025-03-04T17:56:16+00:00\",\"breadcrumb\":{\"@id\":\"https:\\\/\\\/www.covaprom.fr\\\/?page_id=92#breadcrumb\"},\"inLanguage\":\"fr-FR\",\"potentialAction\":[{\"@type\":\"ReadAction\",\"target\":[\"https:\\\/\\\/www.covaprom.fr\\\/?page_id=92\"]}]},{\"@type\":\"ImageObject\",\"inLanguage\":\"fr-FR\",\"@id\":\"https:\\\/\\\/www.covaprom.fr\\\/?page_id=92#primaryimage\",\"url\":\"https:\\\/\\\/www.covaprom.fr\\\/wp-content\\\/uploads\\\/2023\\\/01\\\/Capture-decran-2023-01-24-103459.jpg\",\"contentUrl\":\"https:\\\/\\\/www.covaprom.fr\\\/wp-content\\\/uploads\\\/2023\\\/01\\\/Capture-decran-2023-01-24-103459.jpg\",\"width\":513,\"height\":528},{\"@type\":\"BreadcrumbList\",\"@id\":\"https:\\\/\\\/www.covaprom.fr\\\/?page_id=92#breadcrumb\",\"itemListElement\":[{\"@type\":\"ListItem\",\"position\":1,\"name\":\"Home\",\"item\":\"https:\\\/\\\/www.covaprom.fr\\\/\"},{\"@type\":\"ListItem\",\"position\":2,\"name\":\"Vendre un terrain\"}]},{\"@type\":\"WebSite\",\"@id\":\"https:\\\/\\\/www.covaprom.fr\\\/#website\",\"url\":\"https:\\\/\\\/www.covaprom.fr\\\/\",\"name\":\"COVAPROM\",\"description\":\"Promoteur constructeur de logements neufs\",\"publisher\":{\"@id\":\"https:\\\/\\\/www.covaprom.fr\\\/#organization\"},\"potentialAction\":[{\"@type\":\"SearchAction\",\"target\":{\"@type\":\"EntryPoint\",\"urlTemplate\":\"https:\\\/\\\/www.covaprom.fr\\\/?s={search_term_string}\"},\"query-input\":{\"@type\":\"PropertyValueSpecification\",\"valueRequired\":true,\"valueName\":\"search_term_string\"}}],\"inLanguage\":\"fr-FR\"},{\"@type\":\"Organization\",\"@id\":\"https:\\\/\\\/www.covaprom.fr\\\/#organization\",\"name\":\"COVAPROM\",\"url\":\"https:\\\/\\\/www.covaprom.fr\\\/\",\"logo\":{\"@type\":\"ImageObject\",\"inLanguage\":\"fr-FR\",\"@id\":\"https:\\\/\\\/www.covaprom.fr\\\/#\\\/schema\\\/logo\\\/image\\\/\",\"url\":\"https:\\\/\\\/www.covaprom.fr\\\/wp-content\\\/uploads\\\/2022\\\/07\\\/cropped-Capture-de\u0301cran-2021-09-20-a\u0300-16.31.11.png\",\"contentUrl\":\"https:\\\/\\\/www.covaprom.fr\\\/wp-content\\\/uploads\\\/2022\\\/07\\\/cropped-Capture-de\u0301cran-2021-09-20-a\u0300-16.31.11.png\",\"width\":454,\"height\":454,\"caption\":\"COVAPROM\"},\"image\":{\"@id\":\"https:\\\/\\\/www.covaprom.fr\\\/#\\\/schema\\\/logo\\\/image\\\/\"}}]}<\/script>\n<!-- \/ Yoast SEO plugin. -->","yoast_head_json":{"title":"Vendre un terrain - COVAPROM","robots":{"index":"index","follow":"follow","max-snippet":"max-snippet:-1","max-image-preview":"max-image-preview:large","max-video-preview":"max-video-preview:-1"},"canonical":"https:\/\/www.covaprom.fr\/?page_id=92","og_locale":"fr_FR","og_type":"article","og_title":"Vendre un terrain - COVAPROM","og_description":"Nous recherchons activement des terrains et des immeubles \u00e0 fort potentiel en \u00cele-de-France et en r\u00e9gion Centre.\u00a0 Pourquoi choisir Covaprom pour la valorisation de votre patrimoine ? Un interlocuteur unique et d\u00e9cideur : Vous b\u00e9n\u00e9ficiez d&rsquo;un accompagnement personnalis\u00e9 tout au long du processus, de l&rsquo;\u00e9tude de faisabilit\u00e9 \u00e0 la signature de l&rsquo;acte de vente. Pas [&hellip;]","og_url":"https:\/\/www.covaprom.fr\/?page_id=92","og_site_name":"COVAPROM","article_modified_time":"2025-03-04T17:56:16+00:00","og_image":[{"width":513,"height":528,"url":"https:\/\/www.covaprom.fr\/wp-content\/uploads\/2023\/01\/Capture-decran-2023-01-24-103459.jpg","type":"image\/jpeg"}],"twitter_card":"summary_large_image","twitter_misc":{"Dur\u00e9e de lecture estim\u00e9e":"2 minutes"},"schema":{"@context":"https:\/\/schema.org","@graph":[{"@type":"WebPage","@id":"https:\/\/www.covaprom.fr\/?page_id=92","url":"https:\/\/www.covaprom.fr\/?page_id=92","name":"Vendre un terrain - COVAPROM","isPartOf":{"@id":"https:\/\/www.covaprom.fr\/#website"},"primaryImageOfPage":{"@id":"https:\/\/www.covaprom.fr\/?page_id=92#primaryimage"},"image":{"@id":"https:\/\/www.covaprom.fr\/?page_id=92#primaryimage"},"thumbnailUrl":"https:\/\/www.covaprom.fr\/wp-content\/uploads\/2023\/01\/Capture-decran-2023-01-24-103459.jpg","datePublished":"2022-02-07T19:14:51+00:00","dateModified":"2025-03-04T17:56:16+00:00","breadcrumb":{"@id":"https:\/\/www.covaprom.fr\/?page_id=92#breadcrumb"},"inLanguage":"fr-FR","potentialAction":[{"@type":"ReadAction","target":["https:\/\/www.covaprom.fr\/?page_id=92"]}]},{"@type":"ImageObject","inLanguage":"fr-FR","@id":"https:\/\/www.covaprom.fr\/?page_id=92#primaryimage","url":"https:\/\/www.covaprom.fr\/wp-content\/uploads\/2023\/01\/Capture-decran-2023-01-24-103459.jpg","contentUrl":"https:\/\/www.covaprom.fr\/wp-content\/uploads\/2023\/01\/Capture-decran-2023-01-24-103459.jpg","width":513,"height":528},{"@type":"BreadcrumbList","@id":"https:\/\/www.covaprom.fr\/?page_id=92#breadcrumb","itemListElement":[{"@type":"ListItem","position":1,"name":"Home","item":"https:\/\/www.covaprom.fr\/"},{"@type":"ListItem","position":2,"name":"Vendre un terrain"}]},{"@type":"WebSite","@id":"https:\/\/www.covaprom.fr\/#website","url":"https:\/\/www.covaprom.fr\/","name":"COVAPROM","description":"Promoteur constructeur de logements neufs","publisher":{"@id":"https:\/\/www.covaprom.fr\/#organization"},"potentialAction":[{"@type":"SearchAction","target":{"@type":"EntryPoint","urlTemplate":"https:\/\/www.covaprom.fr\/?s={search_term_string}"},"query-input":{"@type":"PropertyValueSpecification","valueRequired":true,"valueName":"search_term_string"}}],"inLanguage":"fr-FR"},{"@type":"Organization","@id":"https:\/\/www.covaprom.fr\/#organization","name":"COVAPROM","url":"https:\/\/www.covaprom.fr\/","logo":{"@type":"ImageObject","inLanguage":"fr-FR","@id":"https:\/\/www.covaprom.fr\/#\/schema\/logo\/image\/","url":"https:\/\/www.covaprom.fr\/wp-content\/uploads\/2022\/07\/cropped-Capture-de\u0301cran-2021-09-20-a\u0300-16.31.11.png","contentUrl":"https:\/\/www.covaprom.fr\/wp-content\/uploads\/2022\/07\/cropped-Capture-de\u0301cran-2021-09-20-a\u0300-16.31.11.png","width":454,"height":454,"caption":"COVAPROM"},"image":{"@id":"https:\/\/www.covaprom.fr\/#\/schema\/logo\/image\/"}}]}},"_links":{"self":[{"href":"https:\/\/www.covaprom.fr\/index.php?rest_route=\/wp\/v2\/pages\/92","targetHints":{"allow":["GET"]}}],"collection":[{"href":"https:\/\/www.covaprom.fr\/index.php?rest_route=\/wp\/v2\/pages"}],"about":[{"href":"https:\/\/www.covaprom.fr\/index.php?rest_route=\/wp\/v2\/types\/page"}],"author":[{"embeddable":true,"href":"https:\/\/www.covaprom.fr\/index.php?rest_route=\/wp\/v2\/users\/2"}],"replies":[{"embeddable":true,"href":"https:\/\/www.covaprom.fr\/index.php?rest_route=%2Fwp%2Fv2%2Fcomments&post=92"}],"version-history":[{"count":29,"href":"https:\/\/www.covaprom.fr\/index.php?rest_route=\/wp\/v2\/pages\/92\/revisions"}],"predecessor-version":[{"id":1127,"href":"https:\/\/www.covaprom.fr\/index.php?rest_route=\/wp\/v2\/pages\/92\/revisions\/1127"}],"wp:attachment":[{"href":"https:\/\/www.covaprom.fr\/index.php?rest_route=%2Fwp%2Fv2%2Fmedia&parent=92"}],"curies":[{"name":"wp","href":"https:\/\/api.w.org\/{rel}","templated":true}]}}